{"id":5429,"date":"2020-05-05T18:24:47","date_gmt":"2020-05-05T16:24:47","guid":{"rendered":"http:\/\/www.redcolegiosrc.com\/wordpress\/?page_id=5429"},"modified":"2025-06-06T17:13:52","modified_gmt":"2025-06-06T15:13:52","slug":"cumbres-school-valencia","status":"publish","type":"page","link":"https:\/\/www.redcolegiosrc.com\/en\/our-schools\/cumbres-school-valencia\/","title":{"rendered":"Cumbres School Valencia"},"content":{"rendered":"<p>[vc_row][vc_column]<div class=\"eltdf-section-title-holder  \" style=\"text-align: center\">\n\t<div class=\"eltdf-st-inner\">\n\t\t\t\t\t\t\t\t\t<h1 class=\"eltdf-st-title\" style=\"color: #283480\">\n\t\t\t\tCumbres School Valencia\t\t\t<\/h1>\n\t\t\t\t\t<\/div>\n<\/div>[vc_column_text]<\/p>\n<p style=\"text-align: center;\"><a href=\"https:\/\/www.cumbresschool.es\/\" target=\"_blank\" rel=\"noopener noreferrer\">www.cumbresschool.es<\/a><\/p>\n<p>[\/vc_column_text][vc_empty_space][vc_row_inner gap=&#8221;30&#8243;][vc_column_inner width=&#8221;1\/3&#8243;][vc_single_image image=&#8221;5430&#8243; img_size=&#8221;full&#8221; onclick=&#8221;custom_link&#8221; img_link_target=&#8221;_blank&#8221; link=&#8221;https:\/\/www.cumbresschool.es\/&#8221;][\/vc_column_inner][vc_column_inner width=&#8221;1\/3&#8243;]<div class=\"eltdf-iwt clearfix  eltdf-iwt-icon-left eltdf-iwt-icon-tiny\">\n\t<div class=\"eltdf-iwt-icon\">\n\t\t\t\t\t\t\t\t\t    <span class=\"eltdf-icon-shortcode eltdf-normal   eltdf-icon-tiny\"  data-color=\"#f29437\">\n                    <span aria-hidden=\"true\" class=\"eltdf-icon-linear-icons lnr lnr-location eltdf-icon-element\" style=\"color: #f29437\" ><\/span>            <\/span>\n\t\t\t\t\t\t<\/div>\n\t<div class=\"eltdf-iwt-content\" >\n\t\t\t\t\t<h4 class=\"eltdf-iwt-title\" >\n\t\t\t\t\t\t\t\t<span class=\"eltdf-iwt-title-text\">Ubicaci\u00f3n<\/span>\n\t\t\t\t\t\t\t<\/h4>\n\t\t\t\t\t\t\t<p class=\"eltdf-iwt-text\" >C. Daniel Comboni 7, 46113, Moncada, Valencia, Espa\u00f1a<\/p>\n\t\t\t<\/div>\n<\/div>[\/vc_column_inner][vc_column_inner width=&#8221;1\/3&#8243;]<div class=\"eltdf-iwt clearfix  eltdf-iwt-icon-left eltdf-iwt-icon-tiny\">\n\t<div class=\"eltdf-iwt-icon\">\n\t\t\t\t\t\t\t\t\t    <span class=\"eltdf-icon-shortcode eltdf-normal   eltdf-icon-tiny\"  data-color=\"#f29437\">\n                    <span aria-hidden=\"true\" class=\"eltdf-icon-linear-icons lnr lnr-phone eltdf-icon-element\" style=\"color: #f29437\" ><\/span>            <\/span>\n\t\t\t\t\t\t<\/div>\n\t<div class=\"eltdf-iwt-content\" >\n\t\t\t\t\t<h4 class=\"eltdf-iwt-title\" >\n\t\t\t\t\t\t\t\t<span class=\"eltdf-iwt-title-text\">Tel\u00e9fono y Fax<\/span>\n\t\t\t\t\t\t\t<\/h4>\n\t\t\t\t\t\t\t<p class=\"eltdf-iwt-text\" >Tel: 96-139-3959<\/p>\n\t\t\t<\/div>\n<\/div>[\/vc_column_inner][\/vc_row_inner][vc_empty_space height=&#8221;50px&#8221;][\/vc_column][\/vc_row][vc_row][vc_column][vc_images_carousel images=&#8221;5513,5514,5515&#8243; img_size=&#8221;full&#8221; autoplay=&#8221;yes&#8221; wrap=&#8221;yes&#8221;][vc_empty_space height=&#8221;70px&#8221;][\/vc_column][\/vc_row][vc_row][vc_column][vc_row_inner][vc_column_inner width=&#8221;2\/3&#8243;]<div class=\"eltdf-elements-holder   eltdf-one-column  eltdf-responsive-mode-768 \" ><div class=\"eltdf-eh-item    \"  data-item-class=\"eltdf-eh-custom-7897\">\n\t<div class=\"eltdf-eh-item-inner\">\n\t\t<div class=\"eltdf-eh-item-content eltdf-eh-custom-7897\" >\n\t\t\t[vc_tta_tabs style=&#8221;modern&#8221; color=&#8221;sandy-brown&#8221; active_section=&#8221;1&#8243;][vc_tta_section i_type=&#8221;linecons&#8221; i_icon_linecons=&#8221;vc_li vc_li-star&#8221; add_icon=&#8221;true&#8221; title=&#8221;Informaci\u00f3n General&#8221; tab_id=&#8221;1583965789692-db5cb5c1-1d1b&#8221;][vc_empty_space]<div class=\"eltdf-iwt clearfix  eltdf-iwt-icon-left eltdf-iwt-icon-tiny\">\n\t<div class=\"eltdf-iwt-icon\">\n\t\t\t\t\t\t\t\t\t    <span class=\"eltdf-icon-shortcode eltdf-normal   eltdf-icon-tiny\"  data-color=\"#f29437\">\n                    <span aria-hidden=\"true\" class=\"eltdf-icon-linear-icons lnr lnr-book eltdf-icon-element\" style=\"color: #f29437\" ><\/span>            <\/span>\n\t\t\t\t\t\t<\/div>\n\t<div class=\"eltdf-iwt-content\" >\n\t\t\t\t\t<h4 class=\"eltdf-iwt-title\" >\n\t\t\t\t\t\t\t\t<span class=\"eltdf-iwt-title-text\">Niveles educativos:<\/span>\n\t\t\t\t\t\t\t<\/h4>\n\t\t\t\t\t\t\t<p class=\"eltdf-iwt-text\" >Desde 0 a\u00f1os hasta bachillerato<\/p>\n\t\t\t<\/div>\n<\/div>[vc_empty_space]<div class=\"eltdf-iwt clearfix  eltdf-iwt-icon-left eltdf-iwt-icon-tiny\">\n\t<div class=\"eltdf-iwt-icon\">\n\t\t\t\t\t\t\t\t\t    <span class=\"eltdf-icon-shortcode eltdf-normal   eltdf-icon-tiny\"  data-color=\"#f29437\">\n                    <i class=\"eltdf-icon-simple-line-icon icon-trophy eltdf-icon-element\" style=\"color: #f29437\" ><\/i>            <\/span>\n\t\t\t\t\t\t<\/div>\n\t<div class=\"eltdf-iwt-content\" >\n\t\t\t\t\t<h4 class=\"eltdf-iwt-title\" >\n\t\t\t\t\t\t\t\t<span class=\"eltdf-iwt-title-text\">Academias deportivas:<\/span>\n\t\t\t\t\t\t\t<\/h4>\n\t\t\t\t\t\t\t<p class=\"eltdf-iwt-text\" >M\u00e1s de 16 actividades extraescolares, entre las que se encuentran f\u00fatbol, tenis, nataci\u00f3n, volley, judo baloncesto, baile\u2026<\/p>\n\t\t\t<\/div>\n<\/div>[vc_empty_space]<div class=\"eltdf-iwt clearfix  eltdf-iwt-icon-left eltdf-iwt-icon-tiny\">\n\t<div class=\"eltdf-iwt-icon\">\n\t\t\t\t\t\t\t\t\t    <span class=\"eltdf-icon-shortcode eltdf-normal   eltdf-icon-tiny\"  data-color=\"#f29437\">\n                    <i class=\"eltdf-icon-simple-line-icon icon-music-tone-alt eltdf-icon-element\" style=\"color: #f29437\" ><\/i>            <\/span>\n\t\t\t\t\t\t<\/div>\n\t<div class=\"eltdf-iwt-content\" >\n\t\t\t\t\t<h4 class=\"eltdf-iwt-title\" >\n\t\t\t\t\t\t\t\t<span class=\"eltdf-iwt-title-text\">Academias art\u00edsticas:<\/span>\n\t\t\t\t\t\t\t<\/h4>\n\t\t\t\t\t\t\t<p class=\"eltdf-iwt-text\" >Piano, guitarra, coro, ballet, pintura\u2026<\/p>\n\t\t\t<\/div>\n<\/div>[vc_empty_space]<div class=\"eltdf-iwt clearfix  eltdf-iwt-icon-left eltdf-iwt-icon-tiny\">\n\t<div class=\"eltdf-iwt-icon\">\n\t\t\t\t\t\t\t\t\t    <span class=\"eltdf-icon-shortcode eltdf-normal   eltdf-icon-tiny\"  data-color=\"#f29437\">\n                    <i class=\"eltdf-icon-simple-line-icon icon-bubbles eltdf-icon-element\" style=\"color: #f29437\" ><\/i>            <\/span>\n\t\t\t\t\t\t<\/div>\n\t<div class=\"eltdf-iwt-content\" >\n\t\t\t\t\t<h4 class=\"eltdf-iwt-title\" >\n\t\t\t\t\t\t\t\t<span class=\"eltdf-iwt-title-text\">Idiomas:<\/span>\n\t\t\t\t\t\t\t<\/h4>\n\t\t\t\t\t\t\t<p class=\"eltdf-iwt-text\" >Ingl\u00e9s, Franc\u00e9s, Valenciano<\/p>\n\t\t\t<\/div>\n<\/div>[vc_empty_space]<div class=\"eltdf-iwt clearfix  eltdf-iwt-icon-left eltdf-iwt-icon-tiny\">\n\t<div class=\"eltdf-iwt-icon\">\n\t\t\t\t\t\t\t\t\t    <span class=\"eltdf-icon-shortcode eltdf-normal   eltdf-icon-tiny\"  data-color=\"#f29437\">\n                    <span aria-hidden=\"true\" class=\"eltdf-icon-linear-icons lnr lnr-star eltdf-icon-element\" style=\"color: #f29437\" ><\/span>            <\/span>\n\t\t\t\t\t\t<\/div>\n\t<div class=\"eltdf-iwt-content\" >\n\t\t\t\t\t<h4 class=\"eltdf-iwt-title\" >\n\t\t\t\t\t\t\t\t<span class=\"eltdf-iwt-title-text\">Servicios especiales:<\/span>\n\t\t\t\t\t\t\t<\/h4>\n\t\t\t\t\t\t\t<p class=\"eltdf-iwt-text\" >9.068 m2 dedicados a la ense\u00f1anza, 8000 de ellos dedicados al deporte, 3 comedores con cocina propia, enfermer\u00eda, rutas escolares (Transporte), 4 laboratorios de ciencias, Taller art\u00edstico, 1 campo de f\u00fatbol 8 de c\u00e9sped artificial, pista multideportiva con grada para 300 personas, sala de gimnasia r\u00edtmica y ballet, 2 pistas de p\u00e1del, piscina, 5 vestuarios, piscina semi ol\u00edmpica, 1 campo de f\u00fatbol sala, 6 campos de futbito, 1 pista de tenis, 2 campos de voleibol, 1 campo de hockey.c\u00e9sped artificial, tatami de Judo<\/p>\n\t\t\t<\/div>\n<\/div>[\/vc_tta_section][vc_tta_section i_type=&#8221;linecons&#8221; i_icon_linecons=&#8221;vc_li vc_li-study&#8221; add_icon=&#8221;true&#8221; title=&#8221;Acerca del colegio&#8221; tab_id=&#8221;1583965789671-132a12c3-5c6e&#8221;][vc_column_text css=&#8221;.vc_custom_1588615666201{padding-top: 30px !important;padding-right: 30px !important;padding-bottom: 30px !important;padding-left: 30px !important;}&#8221;]Centro privado, cat\u00f3lico y biling\u00fce que ofrece una formaci\u00f3n integral para alumnos de 1 a 18 a\u00f1os, orientada a que cada alumno de lo mejor de s\u00ed mismo. Para ello, basamos nuestro modelo educativo en cuatro pilares b\u00e1sicos: EXCELENCIA ACAD\u00c9MICA, FORMACI\u00d3N INTERNACIONAL, ACOMPA\u00d1AMIENTO PERSONAL y FORMACI\u00d3N CAT\u00d3LICA E INTEGRAL.[\/vc_column_text][\/vc_tta_section][vc_tta_section i_type=&#8221;linecons&#8221; i_icon_linecons=&#8221;vc_li vc_li-paperplane&#8221; add_icon=&#8221;true&#8221; title=&#8221;Como llegar&#8221; tab_id=&#8221;1583967649464-5372fdc5-e76e&#8221;][vc_raw_html css=&#8221;.vc_custom_1588697641846{padding-top: 30px !important;padding-right: 30px !important;padding-bottom: 30px !important;padding-left: 30px !important;}&#8221;]JTNDaWZyYW1lJTIwc3JjJTNEJTIyaHR0cHMlM0ElMkYlMkZ3d3cuZ29vZ2xlLmNvbSUyRm1hcHMlMkZlbWJlZCUzRnBiJTNEJTIxMW0xOCUyMTFtMTIlMjExbTMlMjExZDMwNzYuNDQ4ODM0NDM0MjI1MyUyMTJkLTAuNDA1ODc3NTg0NDAyMDM4NyUyMTNkMzkuNTQ5NDg2MDc5NDc1MzMlMjEybTMlMjExZjAlMjEyZjAlMjEzZjAlMjEzbTIlMjExaTEwMjQlMjEyaTc2OCUyMTRmMTMuMSUyMTNtMyUyMTFtMiUyMTFzMHhkNjA0NDY4NzZiNWIzNDklMjUzQTB4MWU4YWNjMmFjYjM4NGU3JTIxMnNDdW1icmVzJTI1MjBTY2hvb2wlMjUyMFZhbGVuY2lhJTIxNWUwJTIxM20yJTIxMXNlbiUyMTJzbXglMjE0djE1ODg2OTc0NzA5NjMlMjE1bTIlMjExc2VuJTIxMnNteCUyMiUyMHdpZHRoJTNEJTIyMTAwJTI1JTIyJTIwaGVpZ2h0JTNEJTIyNDUwJTIyJTIwZnJhbWVib3JkZXIlM0QlMjIwJTIyJTIwc3R5bGUlM0QlMjJib3JkZXIlM0EwJTNCJTIyJTIwYWxsb3dmdWxsc2NyZWVuJTNEJTIyJTIyJTIwYXJpYS1oaWRkZW4lM0QlMjJmYWxzZSUyMiUyMHRhYmluZGV4JTNEJTIyMCUyMiUzRSUzQyUyRmlmcmFtZSUzRQ==[\/vc_raw_html][\/vc_tta_section][\/vc_tta_tabs]\t\t<\/div>\n\t<\/div>\n<\/div><\/div>[\/vc_column_inner][vc_column_inner width=&#8221;1\/3&#8243;]<div class=\"eltdf-section-title-holder  \" >\n\t<div class=\"eltdf-st-inner\">\n\t\t\t\t\t\t\t\t\t<h3 class=\"eltdf-st-title\" >\n\t\t\t\tCont\u00e1ctanos\t\t\t<\/h3>\n\t\t\t\t\t<\/div>\n<\/div>[vc_empty_space]\n<div class=\"wpcf7 no-js\" id=\"wpcf7-f5321-o1\" lang=\"en-US\" dir=\"ltr\">\n<div class=\"screen-reader-response\"><p role=\"status\" aria-live=\"polite\" aria-atomic=\"true\"><\/p> <ul><\/ul><\/div>\n<form action=\"\/en\/wp-json\/wp\/v2\/pages\/5429#wpcf7-f5321-o1\" method=\"post\" class=\"wpcf7-form init\" aria-label=\"Contact form\" novalidate=\"novalidate\" data-status=\"init\">\n<div style=\"display: none;\">\n<input type=\"hidden\" name=\"_wpcf7\" value=\"5321\" \/>\n<input type=\"hidden\" name=\"_wpcf7_version\" value=\"5.7.7\" \/>\n<input type=\"hidden\" name=\"_wpcf7_locale\" value=\"en_US\" \/>\n<input type=\"hidden\" name=\"_wpcf7_unit_tag\" value=\"wpcf7-f5321-o1\" \/>\n<input type=\"hidden\" name=\"_wpcf7_container_post\" value=\"0\" \/>\n<input type=\"hidden\" name=\"_wpcf7_posted_data_hash\" value=\"\" \/>\n<\/div>\n<div style=\"margin-top: 30px;\">\n\t<div class=\"eltdf-cf7-newsletter eltdf-grid-row eltdf-grid-big-gutter\";>\n\t\t<div class=\"eltdf-grid-col-6 \">\n\t\t\t<p><span class=\"wpcf7-form-control-wrap\" data-name=\"your-name\"><input size=\"40\" class=\"wpcf7-form-control wpcf7-text wpcf7-validates-as-required\" aria-required=\"true\" aria-invalid=\"false\" placeholder=\"Nombre\" value=\"\" type=\"text\" name=\"your-name\" \/><\/span>\n\t\t\t<\/p>\n\t\t<\/div>\n\t\t<div class=\"eltdf-grid-col-6 \">\n\t\t\t<p><span class=\"wpcf7-form-control-wrap\" data-name=\"your-email\"><input size=\"40\" class=\"wpcf7-form-control wpcf7-text wpcf7-email wpcf7-validates-as-required wpcf7-validates-as-email\" aria-required=\"true\" aria-invalid=\"false\" placeholder=\"Email\" value=\"\" type=\"email\" name=\"your-email\" \/><\/span>\n\t\t\t<\/p>\n\t\t<\/div>\n\t<\/div>\n\t<p><span class=\"wpcf7-form-control-wrap\" data-name=\"your-website\"><input size=\"40\" class=\"wpcf7-form-control wpcf7-text wpcf7-validates-as-required\" aria-required=\"true\" aria-invalid=\"false\" placeholder=\"Asunto\" value=\"\" type=\"text\" name=\"your-website\" \/><\/span><br \/>\n<span class=\"wpcf7-form-control-wrap\" data-name=\"message\"><textarea cols=\"20\" rows=\"4\" class=\"wpcf7-form-control wpcf7-textarea wpcf7-validates-as-required\" aria-required=\"true\" aria-invalid=\"false\" placeholder=\"Mensaje\" name=\"message\"><\/textarea><\/span>\n\t<\/p>\n\t<div class=\"eltdf-contact-form-animation\" style=\"display: block; margin-top: 60px; text-align: center;\">\n\t\t<p><input class=\"wpcf7-form-control has-spinner wpcf7-submit\" type=\"submit\" value=\"Enviar\" \/>\n\t\t<\/p>\n\t<\/div>\n<\/div><p style=\"display: none !important;\" class=\"akismet-fields-container\" data-prefix=\"_wpcf7_ak_\"><label>&#916;<textarea name=\"_wpcf7_ak_hp_textarea\" cols=\"45\" rows=\"8\" maxlength=\"100\"><\/textarea><\/label><input type=\"hidden\" id=\"ak_js_1\" name=\"_wpcf7_ak_js\" value=\"187\"\/><script>document.getElementById( \"ak_js_1\" ).setAttribute( \"value\", ( new Date() ).getTime() );<\/script><\/p><div class=\"wpcf7-response-output\" aria-hidden=\"true\"><\/div>\n<\/form>\n<\/div>\n[\/vc_column_inner][\/vc_row_inner][\/vc_column][\/vc_row][vc_row][vc_column][vc_empty_space height=&#8221;70px&#8221;][vc_row_inner][vc_column_inner width=&#8221;1\/3&#8243;]<div class=\"eltdf-section-title-holder  \" >\n\t<div class=\"eltdf-st-inner\">\n\t\t\t\t\t\t\t\t\t<h3 class=\"eltdf-st-title\" >\n\t\t\t\tConoce Nuestro Colegio\t\t\t<\/h3>\n\t\t\t\t\t<\/div>\n<\/div>[\/vc_column_inner][vc_column_inner width=&#8221;1\/3&#8243;][\/vc_column_inner][vc_column_inner width=&#8221;1\/3&#8243;][vc_column_text]<\/p>\n<p style=\"text-align: left;\"><a href=\"https:\/\/www.youtube.com\/user\/cumbresschool\" target=\"_blank\" rel=\"noopener noreferrer\"><img decoding=\"async\" loading=\"lazy\" class=\"alignright wp-image-4980\" src=\"http:\/\/www.redcolegiosrc.com\/wordpress\/wp-content\/uploads\/2020\/03\/youtube-symbol-300x300.png\" alt=\"\" width=\"30\" height=\"30\" srcset=\"https:\/\/www.redcolegiosrc.com\/en\/wp-content\/uploads\/2020\/03\/youtube-symbol-300x300.png 300w, https:\/\/www.redcolegiosrc.com\/en\/wp-content\/uploads\/2020\/03\/youtube-symbol-150x150.png 150w, https:\/\/www.redcolegiosrc.com\/en\/wp-content\/uploads\/2020\/03\/youtube-symbol-100x100.png 100w, https:\/\/www.redcolegiosrc.com\/en\/wp-content\/uploads\/2020\/03\/youtube-symbol.png 512w\" sizes=\"(max-width: 30px) 100vw, 30px\" \/><\/a><a href=\"https:\/\/twitter.com\/cumbresschool\" target=\"_blank\" rel=\"noopener noreferrer\"><img decoding=\"async\" loading=\"lazy\" class=\"alignright wp-image-4979\" src=\"http:\/\/www.redcolegiosrc.com\/wordpress\/wp-content\/uploads\/2020\/03\/twitter-social-logotype-300x300.png\" alt=\"\" width=\"30\" height=\"30\" srcset=\"https:\/\/www.redcolegiosrc.com\/en\/wp-content\/uploads\/2020\/03\/twitter-social-logotype-300x300.png 300w, https:\/\/www.redcolegiosrc.com\/en\/wp-content\/uploads\/2020\/03\/twitter-social-logotype-150x150.png 150w, https:\/\/www.redcolegiosrc.com\/en\/wp-content\/uploads\/2020\/03\/twitter-social-logotype-100x100.png 100w, https:\/\/www.redcolegiosrc.com\/en\/wp-content\/uploads\/2020\/03\/twitter-social-logotype.png 512w\" sizes=\"(max-width: 30px) 100vw, 30px\" \/><\/a><a href=\"https:\/\/www.instagram.com\/cumbresschoolvalencia\/?hl=es\" target=\"_blank\" rel=\"noopener noreferrer\"><img decoding=\"async\" loading=\"lazy\" class=\"alignright wp-image-4977\" src=\"http:\/\/www.redcolegiosrc.com\/wordpress\/wp-content\/uploads\/2020\/03\/instagram-logo-300x300.png\" alt=\"\" width=\"30\" height=\"30\" srcset=\"https:\/\/www.redcolegiosrc.com\/en\/wp-content\/uploads\/2020\/03\/instagram-logo-300x300.png 300w, https:\/\/www.redcolegiosrc.com\/en\/wp-content\/uploads\/2020\/03\/instagram-logo-150x150.png 150w, https:\/\/www.redcolegiosrc.com\/en\/wp-content\/uploads\/2020\/03\/instagram-logo-100x100.png 100w, https:\/\/www.redcolegiosrc.com\/en\/wp-content\/uploads\/2020\/03\/instagram-logo.png 512w\" sizes=\"(max-width: 30px) 100vw, 30px\" \/><\/a><a href=\"https:\/\/www.facebook.com\/CumbresSchoolValencia\" target=\"_blank\" rel=\"noopener noreferrer\"><img decoding=\"async\" loading=\"lazy\" class=\"alignright wp-image-4976\" src=\"http:\/\/www.redcolegiosrc.com\/wordpress\/wp-content\/uploads\/2020\/03\/facebook-logo-300x300.png\" alt=\"\" width=\"30\" height=\"30\" srcset=\"https:\/\/www.redcolegiosrc.com\/en\/wp-content\/uploads\/2020\/03\/facebook-logo-300x300.png 300w, https:\/\/www.redcolegiosrc.com\/en\/wp-content\/uploads\/2020\/03\/facebook-logo-150x150.png 150w, https:\/\/www.redcolegiosrc.com\/en\/wp-content\/uploads\/2020\/03\/facebook-logo-100x100.png 100w, https:\/\/www.redcolegiosrc.com\/en\/wp-content\/uploads\/2020\/03\/facebook-logo.png 512w\" sizes=\"(max-width: 30px) 100vw, 30px\" \/><\/a>S\u00edguenos en nuestras redes:<\/p>\n<p>[\/vc_column_text][\/vc_column_inner][\/vc_row_inner][vc_empty_space height=&#8221;50px&#8221;][vc_row_inner][vc_column_inner width=&#8221;1\/2&#8243;][vc_video link=&#8221;https:\/\/www.youtube.com\/watch?v=r4YK04nk324&#8243;][\/vc_column_inner][vc_column_inner width=&#8221;1\/2&#8243;][vc_gallery type=&#8221;image_grid&#8221; images=&#8221;5928,5516,5929,5517,5518,5519,5520,5521,5522,5523,5525,5526,5528,5529&#8243;][\/vc_column_inner][\/vc_row_inner][vc_empty_space height=&#8221;100px&#8221;][\/vc_column][\/vc_row]<\/p>\n","protected":false},"excerpt":{"rendered":"<p>[vc_row][vc_column][vc_column_text] www.cumbresschool.es [\/vc_column_text][vc_empty_space][vc_row_inner gap=&#8221;30&#8243;][vc_column_inner width=&#8221;1\/3&#8243;][vc_single_image image=&#8221;5430&#8243; img_size=&#8221;full&#8221; onclick=&#8221;custom_link&#8221; img_link_target=&#8221;_blank&#8221; link=&#8221;https:\/\/www.cumbresschool.es\/&#8221;][\/vc_column_inner][vc_column_inner width=&#8221;1\/3&#8243;][\/vc_column_inner][vc_column_inner width=&#8221;1\/3&#8243;][\/vc_column_inner][\/vc_row_inner][vc_empty_space height=&#8221;50px&#8221;][\/vc_column][\/vc_row][vc_row][vc_column][vc_images_carousel images=&#8221;5513,5514,5515&#8243; img_size=&#8221;full&#8221; autoplay=&#8221;yes&#8221; wrap=&#8221;yes&#8221;][vc_empty_space height=&#8221;70px&#8221;][\/vc_column][\/vc_row][vc_row][vc_column][vc_row_inner][vc_column_inner width=&#8221;2\/3&#8243;][\/vc_column_inner][vc_column_inner width=&#8221;1\/3&#8243;][vc_empty_space][\/vc_column_inner][\/vc_row_inner][\/vc_column][\/vc_row][vc_row][vc_column][vc_empty_space height=&#8221;70px&#8221;][vc_row_inner][vc_column_inner width=&#8221;1\/3&#8243;][\/vc_column_inner][vc_column_inner width=&#8221;1\/3&#8243;][\/vc_column_inner][vc_column_inner width=&#8221;1\/3&#8243;][vc_column_text] S\u00edguenos en nuestras redes: [\/vc_column_text][\/vc_column_inner][\/vc_row_inner][vc_empty_space height=&#8221;50px&#8221;][vc_row_inner][vc_column_inner width=&#8221;1\/2&#8243;][vc_video link=&#8221;https:\/\/www.youtube.com\/watch?v=r4YK04nk324&#8243;][\/vc_column_inner][vc_column_inner width=&#8221;1\/2&#8243;][vc_gallery type=&#8221;image_grid&#8221; images=&#8221;5928,5516,5929,5517,5518,5519,5520,5521,5522,5523,5525,5526,5528,5529&#8243;][\/vc_column_inner][\/vc_row_inner][vc_empty_space height=&#8221;100px&#8221;][\/vc_column][\/vc_row]<\/p>\n","protected":false},"author":1,"featured_media":0,"parent":4939,"menu_order":0,"comment_status":"closed","ping_status":"closed","template":"","meta":[],"yoast_head":"<!-- This site is optimized with the Yoast SEO plugin v20.10 - https:\/\/yoast.com\/wordpress\/plugins\/seo\/ -->\n<title>Cumbres School Valencia - RC School Network<\/title>\n<meta name=\"description\" content=\"Cumbres School Valencia is a private bilingual school in english, in Valencia. Catholic formation. From 4 months to University.\" \/>\n<meta name=\"robots\" content=\"index, follow, max-snippet:-1, max-image-preview:large, max-video-preview:-1\" \/>\n<link rel=\"canonical\" href=\"https:\/\/www.redcolegiosrc.com\/en\/our-schools\/cumbres-school-valencia\/\" \/>\n<meta name=\"twitter:card\" content=\"summary_large_image\" \/>\n<meta name=\"twitter:title\" content=\"Cumbres School Valencia - RC School Network\" \/>\n<meta name=\"twitter:description\" content=\"Cumbres School Valencia is a private bilingual school in english, in Valencia. Catholic formation. From 4 months to University.\" \/>\n<meta name=\"twitter:image\" content=\"http:\/\/www.redcolegiosrc.com\/wordpress\/wp-content\/uploads\/2020\/03\/youtube-symbol-300x300.png\" \/>\n<meta name=\"twitter:label1\" content=\"Est. reading time\" \/>\n\t<meta name=\"twitter:data1\" content=\"3 minutes\" \/>\n<script type=\"application\/ld+json\" class=\"yoast-schema-graph\">{\"@context\":\"https:\/\/schema.org\",\"@graph\":[{\"@type\":\"WebPage\",\"@id\":\"https:\/\/www.redcolegiosrc.com\/en\/our-schools\/cumbres-school-valencia\/\",\"url\":\"https:\/\/www.redcolegiosrc.com\/en\/our-schools\/cumbres-school-valencia\/\",\"name\":\"Cumbres School Valencia - RC School Network\",\"isPartOf\":{\"@id\":\"https:\/\/www.redcolegiosrc.com\/en\/#website\"},\"datePublished\":\"2020-05-05T16:24:47+00:00\",\"dateModified\":\"2025-06-06T15:13:52+00:00\",\"description\":\"Cumbres School Valencia is a private bilingual school in english, in Valencia. Catholic formation. From 4 months to University.\",\"breadcrumb\":{\"@id\":\"https:\/\/www.redcolegiosrc.com\/en\/our-schools\/cumbres-school-valencia\/#breadcrumb\"},\"inLanguage\":\"en-US\",\"potentialAction\":[{\"@type\":\"ReadAction\",\"target\":[\"https:\/\/www.redcolegiosrc.com\/en\/our-schools\/cumbres-school-valencia\/\"]}]},{\"@type\":\"BreadcrumbList\",\"@id\":\"https:\/\/www.redcolegiosrc.com\/en\/our-schools\/cumbres-school-valencia\/#breadcrumb\",\"itemListElement\":[{\"@type\":\"ListItem\",\"position\":1,\"name\":\"Home\",\"item\":\"https:\/\/www.redcolegiosrc.com\/en\/\"},{\"@type\":\"ListItem\",\"position\":2,\"name\":\"Our schools\",\"item\":\"https:\/\/www.redcolegiosrc.com\/en\/our-schools\/\"},{\"@type\":\"ListItem\",\"position\":3,\"name\":\"Cumbres School Valencia\"}]},{\"@type\":\"WebSite\",\"@id\":\"https:\/\/www.redcolegiosrc.com\/en\/#website\",\"url\":\"https:\/\/www.redcolegiosrc.com\/en\/\",\"name\":\"RC School Network\",\"description\":\"Welcome\",\"publisher\":{\"@id\":\"https:\/\/www.redcolegiosrc.com\/en\/#organization\"},\"potentialAction\":[{\"@type\":\"SearchAction\",\"target\":{\"@type\":\"EntryPoint\",\"urlTemplate\":\"https:\/\/www.redcolegiosrc.com\/en\/?s={search_term_string}\"},\"query-input\":\"required name=search_term_string\"}],\"inLanguage\":\"en-US\"},{\"@type\":\"Organization\",\"@id\":\"https:\/\/www.redcolegiosrc.com\/en\/#organization\",\"name\":\"RC School Network\",\"url\":\"https:\/\/www.redcolegiosrc.com\/en\/\",\"logo\":{\"@type\":\"ImageObject\",\"inLanguage\":\"en-US\",\"@id\":\"https:\/\/www.redcolegiosrc.com\/en\/#\/schema\/logo\/image\/\",\"url\":\"https:\/\/www.redcolegiosrc.com\/en\/wp-content\/uploads\/2023\/06\/LOGORC.png\",\"contentUrl\":\"https:\/\/www.redcolegiosrc.com\/en\/wp-content\/uploads\/2023\/06\/LOGORC.png\",\"width\":288,\"height\":63,\"caption\":\"RC School Network\"},\"image\":{\"@id\":\"https:\/\/www.redcolegiosrc.com\/en\/#\/schema\/logo\/image\/\"},\"sameAs\":[\"https:\/\/www.facebook.com\/colegiosrc\/\",\"https:\/\/www.instagram.com\/colegiosrc\/\"]}]}<\/script>\n<!-- \/ Yoast SEO plugin. -->","yoast_head_json":{"title":"Cumbres School Valencia - RC School Network","description":"Cumbres School Valencia is a private bilingual school in english, in Valencia. Catholic formation. From 4 months to University.","robots":{"index":"index","follow":"follow","max-snippet":"max-snippet:-1","max-image-preview":"max-image-preview:large","max-video-preview":"max-video-preview:-1"},"canonical":"https:\/\/www.redcolegiosrc.com\/en\/our-schools\/cumbres-school-valencia\/","twitter_card":"summary_large_image","twitter_title":"Cumbres School Valencia - RC School Network","twitter_description":"Cumbres School Valencia is a private bilingual school in english, in Valencia. Catholic formation. From 4 months to University.","twitter_image":"http:\/\/www.redcolegiosrc.com\/wordpress\/wp-content\/uploads\/2020\/03\/youtube-symbol-300x300.png","twitter_misc":{"Est. reading time":"3 minutes"},"schema":{"@context":"https:\/\/schema.org","@graph":[{"@type":"WebPage","@id":"https:\/\/www.redcolegiosrc.com\/en\/our-schools\/cumbres-school-valencia\/","url":"https:\/\/www.redcolegiosrc.com\/en\/our-schools\/cumbres-school-valencia\/","name":"Cumbres School Valencia - RC School Network","isPartOf":{"@id":"https:\/\/www.redcolegiosrc.com\/en\/#website"},"datePublished":"2020-05-05T16:24:47+00:00","dateModified":"2025-06-06T15:13:52+00:00","description":"Cumbres School Valencia is a private bilingual school in english, in Valencia. Catholic formation. From 4 months to University.","breadcrumb":{"@id":"https:\/\/www.redcolegiosrc.com\/en\/our-schools\/cumbres-school-valencia\/#breadcrumb"},"inLanguage":"en-US","potentialAction":[{"@type":"ReadAction","target":["https:\/\/www.redcolegiosrc.com\/en\/our-schools\/cumbres-school-valencia\/"]}]},{"@type":"BreadcrumbList","@id":"https:\/\/www.redcolegiosrc.com\/en\/our-schools\/cumbres-school-valencia\/#breadcrumb","itemListElement":[{"@type":"ListItem","position":1,"name":"Home","item":"https:\/\/www.redcolegiosrc.com\/en\/"},{"@type":"ListItem","position":2,"name":"Our schools","item":"https:\/\/www.redcolegiosrc.com\/en\/our-schools\/"},{"@type":"ListItem","position":3,"name":"Cumbres School Valencia"}]},{"@type":"WebSite","@id":"https:\/\/www.redcolegiosrc.com\/en\/#website","url":"https:\/\/www.redcolegiosrc.com\/en\/","name":"RC School Network","description":"Welcome","publisher":{"@id":"https:\/\/www.redcolegiosrc.com\/en\/#organization"},"potentialAction":[{"@type":"SearchAction","target":{"@type":"EntryPoint","urlTemplate":"https:\/\/www.redcolegiosrc.com\/en\/?s={search_term_string}"},"query-input":"required name=search_term_string"}],"inLanguage":"en-US"},{"@type":"Organization","@id":"https:\/\/www.redcolegiosrc.com\/en\/#organization","name":"RC School Network","url":"https:\/\/www.redcolegiosrc.com\/en\/","logo":{"@type":"ImageObject","inLanguage":"en-US","@id":"https:\/\/www.redcolegiosrc.com\/en\/#\/schema\/logo\/image\/","url":"https:\/\/www.redcolegiosrc.com\/en\/wp-content\/uploads\/2023\/06\/LOGORC.png","contentUrl":"https:\/\/www.redcolegiosrc.com\/en\/wp-content\/uploads\/2023\/06\/LOGORC.png","width":288,"height":63,"caption":"RC School Network"},"image":{"@id":"https:\/\/www.redcolegiosrc.com\/en\/#\/schema\/logo\/image\/"},"sameAs":["https:\/\/www.facebook.com\/colegiosrc\/","https:\/\/www.instagram.com\/colegiosrc\/"]}]}},"_links":{"self":[{"href":"https:\/\/www.redcolegiosrc.com\/en\/wp-json\/wp\/v2\/pages\/5429"}],"collection":[{"href":"https:\/\/www.redcolegiosrc.com\/en\/wp-json\/wp\/v2\/pages"}],"about":[{"href":"https:\/\/www.redcolegiosrc.com\/en\/wp-json\/wp\/v2\/types\/page"}],"author":[{"embeddable":true,"href":"https:\/\/www.redcolegiosrc.com\/en\/wp-json\/wp\/v2\/users\/1"}],"replies":[{"embeddable":true,"href":"https:\/\/www.redcolegiosrc.com\/en\/wp-json\/wp\/v2\/comments?post=5429"}],"version-history":[{"count":14,"href":"https:\/\/www.redcolegiosrc.com\/en\/wp-json\/wp\/v2\/pages\/5429\/revisions"}],"predecessor-version":[{"id":5985,"href":"https:\/\/www.redcolegiosrc.com\/en\/wp-json\/wp\/v2\/pages\/5429\/revisions\/5985"}],"up":[{"embeddable":true,"href":"https:\/\/www.redcolegiosrc.com\/en\/wp-json\/wp\/v2\/pages\/4939"}],"wp:attachment":[{"href":"https:\/\/www.redcolegiosrc.com\/en\/wp-json\/wp\/v2\/media?parent=5429"}],"curies":[{"name":"wp","href":"https:\/\/api.w.org\/{rel}","templated":true}]}}