{"id":5405,"date":"2020-05-05T00:24:22","date_gmt":"2020-05-04T22:24:22","guid":{"rendered":"http:\/\/www.redcolegiosrc.com\/wordpress\/?page_id=5405"},"modified":"2025-06-06T17:17:24","modified_gmt":"2025-06-06T15:17:24","slug":"highlands-school-los-fresnos","status":"publish","type":"page","link":"https:\/\/www.redcolegiosrc.com\/en\/our-schools\/highlands-school-los-fresnos\/","title":{"rendered":"Highlands School Los Fresnos"},"content":{"rendered":"<p>[vc_row][vc_column]<div class=\"eltdf-section-title-holder  \" style=\"text-align: center\">\n\t<div class=\"eltdf-st-inner\">\n\t\t\t\t\t\t\t\t\t<h1 class=\"eltdf-st-title\" style=\"color: #283480\">\n\t\t\t\tHighlands School Los Fresnos\t\t\t<\/h1>\n\t\t\t\t\t<\/div>\n<\/div>[vc_column_text]<\/p>\n<p style=\"text-align: center;\"><a href=\"https:\/\/www.highlandslosfresnos.es\/\" target=\"_blank\" rel=\"noopener noreferrer\">www.highlandslosfresnos.es<\/a><\/p>\n<p>[\/vc_column_text][vc_empty_space][vc_row_inner gap=&#8221;30&#8243;][vc_column_inner width=&#8221;1\/3&#8243;][vc_single_image image=&#8221;5409&#8243; img_size=&#8221;full&#8221; onclick=&#8221;custom_link&#8221; img_link_target=&#8221;_blank&#8221; link=&#8221;https:\/\/www.highlandslosfresnos.es\/&#8221;][\/vc_column_inner][vc_column_inner width=&#8221;1\/3&#8243;]<div class=\"eltdf-iwt clearfix  eltdf-iwt-icon-left eltdf-iwt-icon-tiny\">\n\t<div class=\"eltdf-iwt-icon\">\n\t\t\t\t\t\t\t\t\t    <span class=\"eltdf-icon-shortcode eltdf-normal   eltdf-icon-tiny\"  data-color=\"#f29437\">\n                    <span aria-hidden=\"true\" class=\"eltdf-icon-linear-icons lnr lnr-location eltdf-icon-element\" style=\"color: #f29437\" ><\/span>            <\/span>\n\t\t\t\t\t\t<\/div>\n\t<div class=\"eltdf-iwt-content\" >\n\t\t\t\t\t<h4 class=\"eltdf-iwt-title\" >\n\t\t\t\t\t\t\t\t<span class=\"eltdf-iwt-title-text\">Ubicaci\u00f3n<\/span>\n\t\t\t\t\t\t\t<\/h4>\n\t\t\t\t\t\t\t<p class=\"eltdf-iwt-text\" >C. Comunidad Canaria 8 28660 Boadilla del Monte - Madrid, Espa\u00f1a<\/p>\n\t\t\t<\/div>\n<\/div>[\/vc_column_inner][vc_column_inner width=&#8221;1\/3&#8243;]<div class=\"eltdf-iwt clearfix  eltdf-iwt-icon-left eltdf-iwt-icon-tiny\">\n\t<div class=\"eltdf-iwt-icon\">\n\t\t\t\t\t\t\t\t\t    <span class=\"eltdf-icon-shortcode eltdf-normal   eltdf-icon-tiny\"  data-color=\"#f29437\">\n                    <span aria-hidden=\"true\" class=\"eltdf-icon-linear-icons lnr lnr-phone eltdf-icon-element\" style=\"color: #f29437\" ><\/span>            <\/span>\n\t\t\t\t\t\t<\/div>\n\t<div class=\"eltdf-iwt-content\" >\n\t\t\t\t\t<h4 class=\"eltdf-iwt-title\" >\n\t\t\t\t\t\t\t\t<span class=\"eltdf-iwt-title-text\">Tel\u00e9fono y Fax<\/span>\n\t\t\t\t\t\t\t<\/h4>\n\t\t\t\t\t\t\t<p class=\"eltdf-iwt-text\" >Tels: 91-1100-390 \/ 638-283-309<\/p>\n\t\t\t<\/div>\n<\/div>[\/vc_column_inner][\/vc_row_inner][vc_empty_space height=&#8221;50px&#8221;][\/vc_column][\/vc_row][vc_row][vc_column][vc_images_carousel images=&#8221;5464,5465,5466&#8243; img_size=&#8221;full&#8221; autoplay=&#8221;yes&#8221; wrap=&#8221;yes&#8221;][vc_empty_space height=&#8221;70px&#8221;][\/vc_column][\/vc_row][vc_row][vc_column][vc_row_inner][vc_column_inner width=&#8221;2\/3&#8243;]<div class=\"eltdf-elements-holder   eltdf-one-column  eltdf-responsive-mode-768 \" ><div class=\"eltdf-eh-item    \"  data-item-class=\"eltdf-eh-custom-7422\">\n\t<div class=\"eltdf-eh-item-inner\">\n\t\t<div class=\"eltdf-eh-item-content eltdf-eh-custom-7422\" >\n\t\t\t[vc_tta_tabs style=&#8221;modern&#8221; color=&#8221;sandy-brown&#8221; active_section=&#8221;1&#8243;][vc_tta_section i_type=&#8221;linecons&#8221; i_icon_linecons=&#8221;vc_li vc_li-star&#8221; add_icon=&#8221;true&#8221; title=&#8221;Informaci\u00f3n General&#8221; tab_id=&#8221;1583965789692-db5cb5c1-1d1b&#8221;][vc_empty_space]<div class=\"eltdf-iwt clearfix  eltdf-iwt-icon-left eltdf-iwt-icon-tiny\">\n\t<div class=\"eltdf-iwt-icon\">\n\t\t\t\t\t\t\t\t\t    <span class=\"eltdf-icon-shortcode eltdf-normal   eltdf-icon-tiny\"  data-color=\"#f29437\">\n                    <span aria-hidden=\"true\" class=\"eltdf-icon-linear-icons lnr lnr-book eltdf-icon-element\" style=\"color: #f29437\" ><\/span>            <\/span>\n\t\t\t\t\t\t<\/div>\n\t<div class=\"eltdf-iwt-content\" >\n\t\t\t\t\t<h4 class=\"eltdf-iwt-title\" >\n\t\t\t\t\t\t\t\t<span class=\"eltdf-iwt-title-text\">Niveles educativos:<\/span>\n\t\t\t\t\t\t\t<\/h4>\n\t\t\t\t\t\t\t<p class=\"eltdf-iwt-text\" >Desde los 4 meses hasta bachillerato<\/p>\n\t\t\t<\/div>\n<\/div>[vc_empty_space]<div class=\"eltdf-iwt clearfix  eltdf-iwt-icon-left eltdf-iwt-icon-tiny\">\n\t<div class=\"eltdf-iwt-icon\">\n\t\t\t\t\t\t\t\t\t    <span class=\"eltdf-icon-shortcode eltdf-normal   eltdf-icon-tiny\"  data-color=\"#f29437\">\n                    <i class=\"eltdf-icon-simple-line-icon icon-trophy eltdf-icon-element\" style=\"color: #f29437\" ><\/i>            <\/span>\n\t\t\t\t\t\t<\/div>\n\t<div class=\"eltdf-iwt-content\" >\n\t\t\t\t\t<h4 class=\"eltdf-iwt-title\" >\n\t\t\t\t\t\t\t\t<span class=\"eltdf-iwt-title-text\">Academias deportivas:<\/span>\n\t\t\t\t\t\t\t<\/h4>\n\t\t\t\t\t\t\t<p class=\"eltdf-iwt-text\" >M\u00e1s de 16 actividades extraescolares, entre las que se encuentran, f\u00fatbol, p\u00e1del, tenis, nataci\u00f3n, ajedrez, baloncesto, danza espa\u00f1ola, danza moderna, judo, canto, zumba, ballet\u2026<\/p>\n\t\t\t<\/div>\n<\/div>[vc_empty_space]<div class=\"eltdf-iwt clearfix  eltdf-iwt-icon-left eltdf-iwt-icon-tiny\">\n\t<div class=\"eltdf-iwt-icon\">\n\t\t\t\t\t\t\t\t\t    <span class=\"eltdf-icon-shortcode eltdf-normal   eltdf-icon-tiny\"  data-color=\"#f29437\">\n                    <i class=\"eltdf-icon-simple-line-icon icon-music-tone-alt eltdf-icon-element\" style=\"color: #f29437\" ><\/i>            <\/span>\n\t\t\t\t\t\t<\/div>\n\t<div class=\"eltdf-iwt-content\" >\n\t\t\t\t\t<h4 class=\"eltdf-iwt-title\" >\n\t\t\t\t\t\t\t\t<span class=\"eltdf-iwt-title-text\">Academias art\u00edsticas:<\/span>\n\t\t\t\t\t\t\t<\/h4>\n\t\t\t\t\t\t\t<p class=\"eltdf-iwt-text\" >Canto, guitarra, piano baile, ballet\u2026<\/p>\n\t\t\t<\/div>\n<\/div>[vc_empty_space]<div class=\"eltdf-iwt clearfix  eltdf-iwt-icon-left eltdf-iwt-icon-tiny\">\n\t<div class=\"eltdf-iwt-icon\">\n\t\t\t\t\t\t\t\t\t    <span class=\"eltdf-icon-shortcode eltdf-normal   eltdf-icon-tiny\"  data-color=\"#f29437\">\n                    <i class=\"eltdf-icon-simple-line-icon icon-bubbles eltdf-icon-element\" style=\"color: #f29437\" ><\/i>            <\/span>\n\t\t\t\t\t\t<\/div>\n\t<div class=\"eltdf-iwt-content\" >\n\t\t\t\t\t<h4 class=\"eltdf-iwt-title\" >\n\t\t\t\t\t\t\t\t<span class=\"eltdf-iwt-title-text\">Idiomas:<\/span>\n\t\t\t\t\t\t\t<\/h4>\n\t\t\t\t\t\t\t<p class=\"eltdf-iwt-text\" >Ingl\u00e9s, Franc\u00e9s, Alem\u00e1n<\/p>\n\t\t\t<\/div>\n<\/div>[vc_empty_space]<div class=\"eltdf-iwt clearfix  eltdf-iwt-icon-left eltdf-iwt-icon-tiny\">\n\t<div class=\"eltdf-iwt-icon\">\n\t\t\t\t\t\t\t\t\t    <span class=\"eltdf-icon-shortcode eltdf-normal   eltdf-icon-tiny\"  data-color=\"#f29437\">\n                    <span aria-hidden=\"true\" class=\"eltdf-icon-linear-icons lnr lnr-star eltdf-icon-element\" style=\"color: #f29437\" ><\/span>            <\/span>\n\t\t\t\t\t\t<\/div>\n\t<div class=\"eltdf-iwt-content\" >\n\t\t\t\t\t<h4 class=\"eltdf-iwt-title\" >\n\t\t\t\t\t\t\t\t<span class=\"eltdf-iwt-title-text\">Servicios especiales:<\/span>\n\t\t\t\t\t\t\t<\/h4>\n\t\t\t\t\t\t\t<p class=\"eltdf-iwt-text\" >M\u00e1s de 9.000 m2, actualmente en construcci\u00f3n dos edificios m\u00e1s, entorno 100% natural, comedor con cocina propia, transporte escolar a todas las zonas de Madrid, enfermeria<\/p>\n\t\t\t<\/div>\n<\/div>[\/vc_tta_section][vc_tta_section i_type=&#8221;linecons&#8221; i_icon_linecons=&#8221;vc_li vc_li-study&#8221; add_icon=&#8221;true&#8221; title=&#8221;Acerca del colegio&#8221; tab_id=&#8221;1583965789671-132a12c3-5c6e&#8221;][vc_column_text css=&#8221;.vc_custom_1588615666201{padding-top: 30px !important;padding-right: 30px !important;padding-bottom: 30px !important;padding-left: 30px !important;}&#8221;]Centro privado, cat\u00f3lico y biling\u00fce que ofrece una formaci\u00f3n integral para alumnos de 1 a 18 a\u00f1os, orientada a que cada alumno de lo mejor de s\u00ed mismo. Para ello, basamos nuestro modelo educativo en cuatro pilares b\u00e1sicos: EXCELENCIA ACAD\u00c9MICA, FORMACI\u00d3N INTERNACIONAL, ACOMPA\u00d1AMIENTO PERSONAL y FORMACI\u00d3N CAT\u00d3LICA E INTEGRAL.[\/vc_column_text][\/vc_tta_section][vc_tta_section i_type=&#8221;linecons&#8221; i_icon_linecons=&#8221;vc_li vc_li-paperplane&#8221; add_icon=&#8221;true&#8221; title=&#8221;Como llegar&#8221; tab_id=&#8221;1583967649464-5372fdc5-e76e&#8221;][vc_raw_html css=&#8221;.vc_custom_1588686216628{padding-top: 30px !important;padding-right: 30px !important;padding-bottom: 30px !important;padding-left: 30px !important;}&#8221;]JTNDaWZyYW1lJTIwc3JjJTNEJTIyaHR0cHMlM0ElMkYlMkZ3d3cuZ29vZ2xlLmNvbSUyRm1hcHMlMkZlbWJlZCUzRnBiJTNEJTIxMW0xOCUyMTFtMTIlMjExbTMlMjExZDMwMzYuNDc3MzA2NDA3NTExNiUyMTJkLTMuODc0MjI2NDg0Mzc4MDMxNiUyMTNkNDAuNDQyNTcxNTc5MzYyMDklMjEybTMlMjExZjAlMjEyZjAlMjEzZjAlMjEzbTIlMjExaTEwMjQlMjEyaTc2OCUyMTRmMTMuMSUyMTNtMyUyMTFtMiUyMTFzMHhkNDE4NTA0NzRhNDlhYjUlMjUzQTB4NDZiNWRiOTI0NTUwNWJmJTIxMnNQcml2YXRlJTI1MjBzY2hvb2wlMjUyMEhpZ2hsYW5kcyUyNTIwU2Nob29sJTI1MjBMb3MlMjUyMEZyZXNub3MlMjE1ZTAlMjEzbTIlMjExc2VuJTIxMnNteCUyMTR2MTU4ODY4NjE4NDM0MiUyMTVtMiUyMTFzZW4lMjEyc214JTIyJTIwd2lkdGglM0QlMjIxMDAlMjUlMjIlMjBoZWlnaHQlM0QlMjI0NTAlMjIlMjBmcmFtZWJvcmRlciUzRCUyMjAlMjIlMjBzdHlsZSUzRCUyMmJvcmRlciUzQTAlM0IlMjIlMjBhbGxvd2Z1bGxzY3JlZW4lM0QlMjIlMjIlMjBhcmlhLWhpZGRlbiUzRCUyMmZhbHNlJTIyJTIwdGFiaW5kZXglM0QlMjIwJTIyJTNFJTNDJTJGaWZyYW1lJTNF[\/vc_raw_html][\/vc_tta_section][\/vc_tta_tabs]\t\t<\/div>\n\t<\/div>\n<\/div><\/div>[\/vc_column_inner][vc_column_inner width=&#8221;1\/3&#8243;]<div class=\"eltdf-section-title-holder  \" >\n\t<div class=\"eltdf-st-inner\">\n\t\t\t\t\t\t\t\t\t<h3 class=\"eltdf-st-title\" >\n\t\t\t\tCont\u00e1ctanos\t\t\t<\/h3>\n\t\t\t\t\t<\/div>\n<\/div>[vc_empty_space]\n<div class=\"wpcf7 no-js\" id=\"wpcf7-f5318-o1\" lang=\"en-US\" dir=\"ltr\">\n<div class=\"screen-reader-response\"><p role=\"status\" aria-live=\"polite\" aria-atomic=\"true\"><\/p> <ul><\/ul><\/div>\n<form action=\"\/en\/wp-json\/wp\/v2\/pages\/5405#wpcf7-f5318-o1\" method=\"post\" class=\"wpcf7-form init\" aria-label=\"Contact form\" novalidate=\"novalidate\" data-status=\"init\">\n<div style=\"display: none;\">\n<input type=\"hidden\" name=\"_wpcf7\" value=\"5318\" \/>\n<input type=\"hidden\" name=\"_wpcf7_version\" value=\"5.7.7\" \/>\n<input type=\"hidden\" name=\"_wpcf7_locale\" value=\"en_US\" \/>\n<input type=\"hidden\" name=\"_wpcf7_unit_tag\" value=\"wpcf7-f5318-o1\" \/>\n<input type=\"hidden\" name=\"_wpcf7_container_post\" value=\"0\" \/>\n<input type=\"hidden\" name=\"_wpcf7_posted_data_hash\" value=\"\" \/>\n<\/div>\n<div style=\"margin-top: 30px;\">\n\t<div class=\"eltdf-cf7-newsletter eltdf-grid-row eltdf-grid-big-gutter\";>\n\t\t<div class=\"eltdf-grid-col-6 \">\n\t\t\t<p><span class=\"wpcf7-form-control-wrap\" data-name=\"your-name\"><input size=\"40\" class=\"wpcf7-form-control wpcf7-text wpcf7-validates-as-required\" aria-required=\"true\" aria-invalid=\"false\" placeholder=\"Nombre\" value=\"\" type=\"text\" name=\"your-name\" \/><\/span>\n\t\t\t<\/p>\n\t\t<\/div>\n\t\t<div class=\"eltdf-grid-col-6 \">\n\t\t\t<p><span class=\"wpcf7-form-control-wrap\" data-name=\"your-email\"><input size=\"40\" class=\"wpcf7-form-control wpcf7-text wpcf7-email wpcf7-validates-as-required wpcf7-validates-as-email\" aria-required=\"true\" aria-invalid=\"false\" placeholder=\"Email\" value=\"\" type=\"email\" name=\"your-email\" \/><\/span>\n\t\t\t<\/p>\n\t\t<\/div>\n\t<\/div>\n\t<p><span class=\"wpcf7-form-control-wrap\" data-name=\"your-website\"><input size=\"40\" class=\"wpcf7-form-control wpcf7-text wpcf7-validates-as-required\" aria-required=\"true\" aria-invalid=\"false\" placeholder=\"Asunto\" value=\"\" type=\"text\" name=\"your-website\" \/><\/span><br \/>\n<span class=\"wpcf7-form-control-wrap\" data-name=\"message\"><textarea cols=\"20\" rows=\"4\" class=\"wpcf7-form-control wpcf7-textarea wpcf7-validates-as-required\" aria-required=\"true\" aria-invalid=\"false\" placeholder=\"Mensaje\" name=\"message\"><\/textarea><\/span>\n\t<\/p>\n\t<div class=\"eltdf-contact-form-animation\" style=\"display: block; margin-top: 60px; text-align: center;\">\n\t\t<p><input class=\"wpcf7-form-control has-spinner wpcf7-submit\" type=\"submit\" value=\"Enviar\" \/>\n\t\t<\/p>\n\t<\/div>\n<\/div><p style=\"display: none !important;\" class=\"akismet-fields-container\" data-prefix=\"_wpcf7_ak_\"><label>&#916;<textarea name=\"_wpcf7_ak_hp_textarea\" cols=\"45\" rows=\"8\" maxlength=\"100\"><\/textarea><\/label><input type=\"hidden\" id=\"ak_js_1\" name=\"_wpcf7_ak_js\" value=\"188\"\/><script>document.getElementById( \"ak_js_1\" ).setAttribute( \"value\", ( new Date() ).getTime() );<\/script><\/p><div class=\"wpcf7-response-output\" aria-hidden=\"true\"><\/div>\n<\/form>\n<\/div>\n[\/vc_column_inner][\/vc_row_inner][\/vc_column][\/vc_row][vc_row][vc_column][vc_empty_space height=&#8221;70px&#8221;][vc_row_inner][vc_column_inner width=&#8221;1\/3&#8243;]<div class=\"eltdf-section-title-holder  \" >\n\t<div class=\"eltdf-st-inner\">\n\t\t\t\t\t\t\t\t\t<h3 class=\"eltdf-st-title\" >\n\t\t\t\tConoce Nuestro Colegio\t\t\t<\/h3>\n\t\t\t\t\t<\/div>\n<\/div>[\/vc_column_inner][vc_column_inner width=&#8221;1\/3&#8243;][\/vc_column_inner][vc_column_inner width=&#8221;1\/3&#8243;][vc_column_text]<\/p>\n<p style=\"text-align: left;\"><a href=\"https:\/\/www.youtube.com\/user\/Highlandslosfresnos\" target=\"_blank\" rel=\"noopener noreferrer\"><img decoding=\"async\" loading=\"lazy\" class=\"alignright wp-image-4980\" src=\"http:\/\/www.redcolegiosrc.com\/wordpress\/wp-content\/uploads\/2020\/03\/youtube-symbol-300x300.png\" alt=\"\" width=\"30\" height=\"30\" srcset=\"https:\/\/www.redcolegiosrc.com\/en\/wp-content\/uploads\/2020\/03\/youtube-symbol-300x300.png 300w, https:\/\/www.redcolegiosrc.com\/en\/wp-content\/uploads\/2020\/03\/youtube-symbol-150x150.png 150w, https:\/\/www.redcolegiosrc.com\/en\/wp-content\/uploads\/2020\/03\/youtube-symbol-100x100.png 100w, https:\/\/www.redcolegiosrc.com\/en\/wp-content\/uploads\/2020\/03\/youtube-symbol.png 512w\" sizes=\"(max-width: 30px) 100vw, 30px\" \/><\/a><a href=\"https:\/\/twitter.com\/h_losfresnos\" target=\"_blank\" rel=\"noopener noreferrer\"><img decoding=\"async\" loading=\"lazy\" class=\"alignright wp-image-4979\" src=\"http:\/\/www.redcolegiosrc.com\/wordpress\/wp-content\/uploads\/2020\/03\/twitter-social-logotype-300x300.png\" alt=\"\" width=\"30\" height=\"30\" srcset=\"https:\/\/www.redcolegiosrc.com\/en\/wp-content\/uploads\/2020\/03\/twitter-social-logotype-300x300.png 300w, https:\/\/www.redcolegiosrc.com\/en\/wp-content\/uploads\/2020\/03\/twitter-social-logotype-150x150.png 150w, https:\/\/www.redcolegiosrc.com\/en\/wp-content\/uploads\/2020\/03\/twitter-social-logotype-100x100.png 100w, https:\/\/www.redcolegiosrc.com\/en\/wp-content\/uploads\/2020\/03\/twitter-social-logotype.png 512w\" sizes=\"(max-width: 30px) 100vw, 30px\" \/><\/a><a href=\"https:\/\/www.instagram.com\/highlandslosfresnos\/\" target=\"_blank\" rel=\"noopener noreferrer\"><img decoding=\"async\" loading=\"lazy\" class=\"alignright wp-image-4977\" src=\"http:\/\/www.redcolegiosrc.com\/wordpress\/wp-content\/uploads\/2020\/03\/instagram-logo-300x300.png\" alt=\"\" width=\"30\" height=\"30\" srcset=\"https:\/\/www.redcolegiosrc.com\/en\/wp-content\/uploads\/2020\/03\/instagram-logo-300x300.png 300w, https:\/\/www.redcolegiosrc.com\/en\/wp-content\/uploads\/2020\/03\/instagram-logo-150x150.png 150w, https:\/\/www.redcolegiosrc.com\/en\/wp-content\/uploads\/2020\/03\/instagram-logo-100x100.png 100w, https:\/\/www.redcolegiosrc.com\/en\/wp-content\/uploads\/2020\/03\/instagram-logo.png 512w\" sizes=\"(max-width: 30px) 100vw, 30px\" \/><\/a><a href=\"https:\/\/www.facebook.com\/colegiohighlandslosfresnos\" target=\"_blank\" rel=\"noopener noreferrer\"><img decoding=\"async\" loading=\"lazy\" class=\"alignright wp-image-4976\" src=\"http:\/\/www.redcolegiosrc.com\/wordpress\/wp-content\/uploads\/2020\/03\/facebook-logo-300x300.png\" alt=\"\" width=\"30\" height=\"30\" srcset=\"https:\/\/www.redcolegiosrc.com\/en\/wp-content\/uploads\/2020\/03\/facebook-logo-300x300.png 300w, https:\/\/www.redcolegiosrc.com\/en\/wp-content\/uploads\/2020\/03\/facebook-logo-150x150.png 150w, https:\/\/www.redcolegiosrc.com\/en\/wp-content\/uploads\/2020\/03\/facebook-logo-100x100.png 100w, https:\/\/www.redcolegiosrc.com\/en\/wp-content\/uploads\/2020\/03\/facebook-logo.png 512w\" sizes=\"(max-width: 30px) 100vw, 30px\" \/><\/a>S\u00edguenos en nuestras redes:<\/p>\n<p>[\/vc_column_text][\/vc_column_inner][\/vc_row_inner][vc_empty_space height=&#8221;50px&#8221;][vc_row_inner][vc_column_inner width=&#8221;1\/2&#8243;][vc_video link=&#8221;https:\/\/www.youtube.com\/watch?v=8_eY6kAflZk&#8221;][\/vc_column_inner][vc_column_inner width=&#8221;1\/2&#8243;][vc_gallery type=&#8221;image_grid&#8221; images=&#8221;5467,5468,5469,5470,5471,5472,5473,5474,5475,5476,5477,5478,5479&#8243;][\/vc_column_inner][\/vc_row_inner][vc_empty_space height=&#8221;100px&#8221;][\/vc_column][\/vc_row]<\/p>\n","protected":false},"excerpt":{"rendered":"<p>[vc_row][vc_column][vc_column_text] www.highlandslosfresnos.es [\/vc_column_text][vc_empty_space][vc_row_inner gap=&#8221;30&#8243;][vc_column_inner width=&#8221;1\/3&#8243;][vc_single_image image=&#8221;5409&#8243; img_size=&#8221;full&#8221; onclick=&#8221;custom_link&#8221; img_link_target=&#8221;_blank&#8221; link=&#8221;https:\/\/www.highlandslosfresnos.es\/&#8221;][\/vc_column_inner][vc_column_inner width=&#8221;1\/3&#8243;][\/vc_column_inner][vc_column_inner width=&#8221;1\/3&#8243;][\/vc_column_inner][\/vc_row_inner][vc_empty_space height=&#8221;50px&#8221;][\/vc_column][\/vc_row][vc_row][vc_column][vc_images_carousel images=&#8221;5464,5465,5466&#8243; img_size=&#8221;full&#8221; autoplay=&#8221;yes&#8221; wrap=&#8221;yes&#8221;][vc_empty_space height=&#8221;70px&#8221;][\/vc_column][\/vc_row][vc_row][vc_column][vc_row_inner][vc_column_inner width=&#8221;2\/3&#8243;][\/vc_column_inner][vc_column_inner width=&#8221;1\/3&#8243;][vc_empty_space][\/vc_column_inner][\/vc_row_inner][\/vc_column][\/vc_row][vc_row][vc_column][vc_empty_space height=&#8221;70px&#8221;][vc_row_inner][vc_column_inner width=&#8221;1\/3&#8243;][\/vc_column_inner][vc_column_inner width=&#8221;1\/3&#8243;][\/vc_column_inner][vc_column_inner width=&#8221;1\/3&#8243;][vc_column_text] S\u00edguenos en nuestras redes: [\/vc_column_text][\/vc_column_inner][\/vc_row_inner][vc_empty_space height=&#8221;50px&#8221;][vc_row_inner][vc_column_inner width=&#8221;1\/2&#8243;][vc_video link=&#8221;https:\/\/www.youtube.com\/watch?v=8_eY6kAflZk&#8221;][\/vc_column_inner][vc_column_inner width=&#8221;1\/2&#8243;][vc_gallery type=&#8221;image_grid&#8221; images=&#8221;5467,5468,5469,5470,5471,5472,5473,5474,5475,5476,5477,5478,5479&#8243;][\/vc_column_inner][\/vc_row_inner][vc_empty_space height=&#8221;100px&#8221;][\/vc_column][\/vc_row]<\/p>\n","protected":false},"author":1,"featured_media":0,"parent":4939,"menu_order":0,"comment_status":"closed","ping_status":"closed","template":"","meta":[],"yoast_head":"<!-- This site is optimized with the Yoast SEO plugin v20.10 - https:\/\/yoast.com\/wordpress\/plugins\/seo\/ -->\n<title>Highlands School Los Fresnos - RC School Network<\/title>\n<meta name=\"description\" content=\"Private school Boadilla del Monte, Majadahonda and Las Rozas. Madrid International School, Catholic.\" \/>\n<meta name=\"robots\" content=\"index, follow, max-snippet:-1, max-image-preview:large, max-video-preview:-1\" \/>\n<link rel=\"canonical\" href=\"https:\/\/www.redcolegiosrc.com\/en\/our-schools\/highlands-school-los-fresnos\/\" \/>\n<meta name=\"twitter:card\" content=\"summary_large_image\" \/>\n<meta name=\"twitter:title\" content=\"Highlands School Los Fresnos - RC School Network\" \/>\n<meta name=\"twitter:description\" content=\"Private school Boadilla del Monte, Majadahonda and Las Rozas. Madrid International School, Catholic.\" \/>\n<meta name=\"twitter:image\" content=\"http:\/\/www.redcolegiosrc.com\/wordpress\/wp-content\/uploads\/2020\/03\/youtube-symbol-300x300.png\" \/>\n<meta name=\"twitter:label1\" content=\"Est. reading time\" \/>\n\t<meta name=\"twitter:data1\" content=\"3 minutes\" \/>\n<script type=\"application\/ld+json\" class=\"yoast-schema-graph\">{\"@context\":\"https:\/\/schema.org\",\"@graph\":[{\"@type\":\"WebPage\",\"@id\":\"https:\/\/www.redcolegiosrc.com\/en\/our-schools\/highlands-school-los-fresnos\/\",\"url\":\"https:\/\/www.redcolegiosrc.com\/en\/our-schools\/highlands-school-los-fresnos\/\",\"name\":\"Highlands School Los Fresnos - RC School Network\",\"isPartOf\":{\"@id\":\"https:\/\/www.redcolegiosrc.com\/en\/#website\"},\"datePublished\":\"2020-05-04T22:24:22+00:00\",\"dateModified\":\"2025-06-06T15:17:24+00:00\",\"description\":\"Private school Boadilla del Monte, Majadahonda and Las Rozas. Madrid International School, Catholic.\",\"breadcrumb\":{\"@id\":\"https:\/\/www.redcolegiosrc.com\/en\/our-schools\/highlands-school-los-fresnos\/#breadcrumb\"},\"inLanguage\":\"en-US\",\"potentialAction\":[{\"@type\":\"ReadAction\",\"target\":[\"https:\/\/www.redcolegiosrc.com\/en\/our-schools\/highlands-school-los-fresnos\/\"]}]},{\"@type\":\"BreadcrumbList\",\"@id\":\"https:\/\/www.redcolegiosrc.com\/en\/our-schools\/highlands-school-los-fresnos\/#breadcrumb\",\"itemListElement\":[{\"@type\":\"ListItem\",\"position\":1,\"name\":\"Home\",\"item\":\"https:\/\/www.redcolegiosrc.com\/en\/\"},{\"@type\":\"ListItem\",\"position\":2,\"name\":\"Our schools\",\"item\":\"https:\/\/www.redcolegiosrc.com\/en\/our-schools\/\"},{\"@type\":\"ListItem\",\"position\":3,\"name\":\"Highlands School Los Fresnos\"}]},{\"@type\":\"WebSite\",\"@id\":\"https:\/\/www.redcolegiosrc.com\/en\/#website\",\"url\":\"https:\/\/www.redcolegiosrc.com\/en\/\",\"name\":\"RC School Network\",\"description\":\"Welcome\",\"publisher\":{\"@id\":\"https:\/\/www.redcolegiosrc.com\/en\/#organization\"},\"potentialAction\":[{\"@type\":\"SearchAction\",\"target\":{\"@type\":\"EntryPoint\",\"urlTemplate\":\"https:\/\/www.redcolegiosrc.com\/en\/?s={search_term_string}\"},\"query-input\":\"required name=search_term_string\"}],\"inLanguage\":\"en-US\"},{\"@type\":\"Organization\",\"@id\":\"https:\/\/www.redcolegiosrc.com\/en\/#organization\",\"name\":\"RC School Network\",\"url\":\"https:\/\/www.redcolegiosrc.com\/en\/\",\"logo\":{\"@type\":\"ImageObject\",\"inLanguage\":\"en-US\",\"@id\":\"https:\/\/www.redcolegiosrc.com\/en\/#\/schema\/logo\/image\/\",\"url\":\"https:\/\/www.redcolegiosrc.com\/en\/wp-content\/uploads\/2023\/06\/LOGORC.png\",\"contentUrl\":\"https:\/\/www.redcolegiosrc.com\/en\/wp-content\/uploads\/2023\/06\/LOGORC.png\",\"width\":288,\"height\":63,\"caption\":\"RC School Network\"},\"image\":{\"@id\":\"https:\/\/www.redcolegiosrc.com\/en\/#\/schema\/logo\/image\/\"},\"sameAs\":[\"https:\/\/www.facebook.com\/colegiosrc\/\",\"https:\/\/www.instagram.com\/colegiosrc\/\"]}]}<\/script>\n<!-- \/ Yoast SEO plugin. -->","yoast_head_json":{"title":"Highlands School Los Fresnos - RC School Network","description":"Private school Boadilla del Monte, Majadahonda and Las Rozas. Madrid International School, Catholic.","robots":{"index":"index","follow":"follow","max-snippet":"max-snippet:-1","max-image-preview":"max-image-preview:large","max-video-preview":"max-video-preview:-1"},"canonical":"https:\/\/www.redcolegiosrc.com\/en\/our-schools\/highlands-school-los-fresnos\/","twitter_card":"summary_large_image","twitter_title":"Highlands School Los Fresnos - RC School Network","twitter_description":"Private school Boadilla del Monte, Majadahonda and Las Rozas. Madrid International School, Catholic.","twitter_image":"http:\/\/www.redcolegiosrc.com\/wordpress\/wp-content\/uploads\/2020\/03\/youtube-symbol-300x300.png","twitter_misc":{"Est. reading time":"3 minutes"},"schema":{"@context":"https:\/\/schema.org","@graph":[{"@type":"WebPage","@id":"https:\/\/www.redcolegiosrc.com\/en\/our-schools\/highlands-school-los-fresnos\/","url":"https:\/\/www.redcolegiosrc.com\/en\/our-schools\/highlands-school-los-fresnos\/","name":"Highlands School Los Fresnos - RC School Network","isPartOf":{"@id":"https:\/\/www.redcolegiosrc.com\/en\/#website"},"datePublished":"2020-05-04T22:24:22+00:00","dateModified":"2025-06-06T15:17:24+00:00","description":"Private school Boadilla del Monte, Majadahonda and Las Rozas. Madrid International School, Catholic.","breadcrumb":{"@id":"https:\/\/www.redcolegiosrc.com\/en\/our-schools\/highlands-school-los-fresnos\/#breadcrumb"},"inLanguage":"en-US","potentialAction":[{"@type":"ReadAction","target":["https:\/\/www.redcolegiosrc.com\/en\/our-schools\/highlands-school-los-fresnos\/"]}]},{"@type":"BreadcrumbList","@id":"https:\/\/www.redcolegiosrc.com\/en\/our-schools\/highlands-school-los-fresnos\/#breadcrumb","itemListElement":[{"@type":"ListItem","position":1,"name":"Home","item":"https:\/\/www.redcolegiosrc.com\/en\/"},{"@type":"ListItem","position":2,"name":"Our schools","item":"https:\/\/www.redcolegiosrc.com\/en\/our-schools\/"},{"@type":"ListItem","position":3,"name":"Highlands School Los Fresnos"}]},{"@type":"WebSite","@id":"https:\/\/www.redcolegiosrc.com\/en\/#website","url":"https:\/\/www.redcolegiosrc.com\/en\/","name":"RC School Network","description":"Welcome","publisher":{"@id":"https:\/\/www.redcolegiosrc.com\/en\/#organization"},"potentialAction":[{"@type":"SearchAction","target":{"@type":"EntryPoint","urlTemplate":"https:\/\/www.redcolegiosrc.com\/en\/?s={search_term_string}"},"query-input":"required name=search_term_string"}],"inLanguage":"en-US"},{"@type":"Organization","@id":"https:\/\/www.redcolegiosrc.com\/en\/#organization","name":"RC School Network","url":"https:\/\/www.redcolegiosrc.com\/en\/","logo":{"@type":"ImageObject","inLanguage":"en-US","@id":"https:\/\/www.redcolegiosrc.com\/en\/#\/schema\/logo\/image\/","url":"https:\/\/www.redcolegiosrc.com\/en\/wp-content\/uploads\/2023\/06\/LOGORC.png","contentUrl":"https:\/\/www.redcolegiosrc.com\/en\/wp-content\/uploads\/2023\/06\/LOGORC.png","width":288,"height":63,"caption":"RC School Network"},"image":{"@id":"https:\/\/www.redcolegiosrc.com\/en\/#\/schema\/logo\/image\/"},"sameAs":["https:\/\/www.facebook.com\/colegiosrc\/","https:\/\/www.instagram.com\/colegiosrc\/"]}]}},"_links":{"self":[{"href":"https:\/\/www.redcolegiosrc.com\/en\/wp-json\/wp\/v2\/pages\/5405"}],"collection":[{"href":"https:\/\/www.redcolegiosrc.com\/en\/wp-json\/wp\/v2\/pages"}],"about":[{"href":"https:\/\/www.redcolegiosrc.com\/en\/wp-json\/wp\/v2\/types\/page"}],"author":[{"embeddable":true,"href":"https:\/\/www.redcolegiosrc.com\/en\/wp-json\/wp\/v2\/users\/1"}],"replies":[{"embeddable":true,"href":"https:\/\/www.redcolegiosrc.com\/en\/wp-json\/wp\/v2\/comments?post=5405"}],"version-history":[{"count":12,"href":"https:\/\/www.redcolegiosrc.com\/en\/wp-json\/wp\/v2\/pages\/5405\/revisions"}],"predecessor-version":[{"id":5987,"href":"https:\/\/www.redcolegiosrc.com\/en\/wp-json\/wp\/v2\/pages\/5405\/revisions\/5987"}],"up":[{"embeddable":true,"href":"https:\/\/www.redcolegiosrc.com\/en\/wp-json\/wp\/v2\/pages\/4939"}],"wp:attachment":[{"href":"https:\/\/www.redcolegiosrc.com\/en\/wp-json\/wp\/v2\/media?parent=5405"}],"curies":[{"name":"wp","href":"https:\/\/api.w.org\/{rel}","templated":true}]}}