{"id":5215,"date":"2020-04-30T21:00:47","date_gmt":"2020-04-30T19:00:47","guid":{"rendered":"http:\/\/www.redcolegiosrc.com\/wordpress\/?page_id=5215"},"modified":"2024-05-01T00:25:36","modified_gmt":"2024-04-30T22:25:36","slug":"everest-academy-lemont","status":"publish","type":"page","link":"https:\/\/www.redcolegiosrc.com\/en\/our-schools\/everest-academy-lemont\/","title":{"rendered":"Everest Academy &#8211; Lemont"},"content":{"rendered":"<p>[vc_row][vc_column]<div class=\"eltdf-section-title-holder  \" style=\"text-align: center\">\n\t<div class=\"eltdf-st-inner\">\n\t\t\t\t\t\t\t\t\t<h1 class=\"eltdf-st-title\" style=\"color: #283480\">\n\t\t\t\tEverest Academy - Lemont\t\t\t<\/h1>\n\t\t\t\t\t<\/div>\n<\/div>[vc_column_text]<\/p>\n<p style=\"text-align: center;\"><a href=\"https:\/\/everestadvantage.org\/\" target=\"_blank\" rel=\"noopener noreferrer\">https:\/\/everestadvantage.org<\/a><\/p>\n<p>[\/vc_column_text][vc_empty_space][vc_row_inner gap=&#8221;30&#8243;][vc_column_inner width=&#8221;1\/3&#8243;][vc_single_image image=&#8221;5218&#8243; img_size=&#8221;full&#8221; onclick=&#8221;custom_link&#8221; img_link_target=&#8221;_blank&#8221; link=&#8221;https:\/\/everestadvantage.org\/&#8221;][\/vc_column_inner][vc_column_inner width=&#8221;1\/3&#8243;]<div class=\"eltdf-iwt clearfix  eltdf-iwt-icon-left eltdf-iwt-icon-tiny\">\n\t<div class=\"eltdf-iwt-icon\">\n\t\t\t\t\t\t\t\t\t    <span class=\"eltdf-icon-shortcode eltdf-normal   eltdf-icon-tiny\"  data-color=\"#f29437\">\n                    <span aria-hidden=\"true\" class=\"eltdf-icon-linear-icons lnr lnr-location eltdf-icon-element\" style=\"color: #f29437\" ><\/span>            <\/span>\n\t\t\t\t\t\t<\/div>\n\t<div class=\"eltdf-iwt-content\" >\n\t\t\t\t\t<h4 class=\"eltdf-iwt-title\" >\n\t\t\t\t\t\t\t\t<span class=\"eltdf-iwt-title-text\">Ubicaci\u00f3n<\/span>\n\t\t\t\t\t\t\t<\/h4>\n\t\t\t\t\t\t\t<p class=\"eltdf-iwt-text\" >11550 Bell Rd. Lemont, IL 60439 USA<\/p>\n\t\t\t<\/div>\n<\/div>[\/vc_column_inner][vc_column_inner width=&#8221;1\/3&#8243;]<div class=\"eltdf-iwt clearfix  eltdf-iwt-icon-left eltdf-iwt-icon-tiny\">\n\t<div class=\"eltdf-iwt-icon\">\n\t\t\t\t\t\t\t\t\t    <span class=\"eltdf-icon-shortcode eltdf-normal   eltdf-icon-tiny\"  data-color=\"#f29437\">\n                    <span aria-hidden=\"true\" class=\"eltdf-icon-linear-icons lnr lnr-phone eltdf-icon-element\" style=\"color: #f29437\" ><\/span>            <\/span>\n\t\t\t\t\t\t<\/div>\n\t<div class=\"eltdf-iwt-content\" >\n\t\t\t\t\t<h4 class=\"eltdf-iwt-title\" >\n\t\t\t\t\t\t\t\t<span class=\"eltdf-iwt-title-text\">Tel\u00e9fono<\/span>\n\t\t\t\t\t\t\t<\/h4>\n\t\t\t\t\t\t\t<p class=\"eltdf-iwt-text\" >630-243-1995<\/p>\n\t\t\t<\/div>\n<\/div>[\/vc_column_inner][\/vc_row_inner][vc_empty_space height=&#8221;50px&#8221;][\/vc_column][\/vc_row][vc_row][vc_column][vc_images_carousel images=&#8221;5219,5220&#8243; img_size=&#8221;full&#8221; autoplay=&#8221;yes&#8221; wrap=&#8221;yes&#8221;][vc_empty_space height=&#8221;70px&#8221;][\/vc_column][\/vc_row][vc_row][vc_column][vc_row_inner][vc_column_inner width=&#8221;2\/3&#8243;]<div class=\"eltdf-elements-holder   eltdf-one-column  eltdf-responsive-mode-768 \" ><div class=\"eltdf-eh-item    \"  data-item-class=\"eltdf-eh-custom-2927\">\n\t<div class=\"eltdf-eh-item-inner\">\n\t\t<div class=\"eltdf-eh-item-content eltdf-eh-custom-2927\" >\n\t\t\t[vc_tta_tabs style=&#8221;modern&#8221; color=&#8221;sandy-brown&#8221; active_section=&#8221;1&#8243;][vc_tta_section i_type=&#8221;linecons&#8221; i_icon_linecons=&#8221;vc_li vc_li-star&#8221; add_icon=&#8221;true&#8221; title=&#8221;Informaci\u00f3n General&#8221; tab_id=&#8221;1583965789692-db5cb5c1-1d1b&#8221;][vc_empty_space]<div class=\"eltdf-iwt clearfix  eltdf-iwt-icon-left eltdf-iwt-icon-tiny\">\n\t<div class=\"eltdf-iwt-icon\">\n\t\t\t\t\t\t\t\t\t    <span class=\"eltdf-icon-shortcode eltdf-normal   eltdf-icon-tiny\"  data-color=\"#f29437\">\n                    <span aria-hidden=\"true\" class=\"eltdf-icon-linear-icons lnr lnr-book eltdf-icon-element\" style=\"color: #f29437\" ><\/span>            <\/span>\n\t\t\t\t\t\t<\/div>\n\t<div class=\"eltdf-iwt-content\" >\n\t\t\t\t\t<h4 class=\"eltdf-iwt-title\" >\n\t\t\t\t\t\t\t\t<span class=\"eltdf-iwt-title-text\">Niveles educativos:<\/span>\n\t\t\t\t\t\t\t<\/h4>\n\t\t\t\t\t\t\t<p class=\"eltdf-iwt-text\" >Preescolar, Primaria, Secundaria para ni\u00f1as y ni\u00f1os<\/p>\n\t\t\t<\/div>\n<\/div>[vc_empty_space]<div class=\"eltdf-iwt clearfix  eltdf-iwt-icon-left eltdf-iwt-icon-tiny\">\n\t<div class=\"eltdf-iwt-icon\">\n\t\t\t\t\t\t\t\t\t    <span class=\"eltdf-icon-shortcode eltdf-normal   eltdf-icon-tiny\"  data-color=\"#f29437\">\n                    <i class=\"eltdf-icon-simple-line-icon icon-trophy eltdf-icon-element\" style=\"color: #f29437\" ><\/i>            <\/span>\n\t\t\t\t\t\t<\/div>\n\t<div class=\"eltdf-iwt-content\" >\n\t\t\t\t\t<h4 class=\"eltdf-iwt-title\" >\n\t\t\t\t\t\t\t\t<span class=\"eltdf-iwt-title-text\">Academias deportivas:<\/span>\n\t\t\t\t\t\t\t<\/h4>\n\t\t\t\t\t\t\t<p class=\"eltdf-iwt-text\" >F\u00fatbol, voleibol, b\u00e1sketbol, kickball<\/p>\n\t\t\t<\/div>\n<\/div>[vc_empty_space]<div class=\"eltdf-iwt clearfix  eltdf-iwt-icon-left eltdf-iwt-icon-tiny\">\n\t<div class=\"eltdf-iwt-icon\">\n\t\t\t\t\t\t\t\t\t    <span class=\"eltdf-icon-shortcode eltdf-normal   eltdf-icon-tiny\"  data-color=\"#f29437\">\n                    <i class=\"eltdf-icon-simple-line-icon icon-music-tone-alt eltdf-icon-element\" style=\"color: #f29437\" ><\/i>            <\/span>\n\t\t\t\t\t\t<\/div>\n\t<div class=\"eltdf-iwt-content\" >\n\t\t\t\t\t<h4 class=\"eltdf-iwt-title\" >\n\t\t\t\t\t\t\t\t<span class=\"eltdf-iwt-title-text\">Academias art\u00edsticas:<\/span>\n\t\t\t\t\t\t\t<\/h4>\n\t\t\t\t\t\t\t<p class=\"eltdf-iwt-text\" >Pintura, m\u00fasica, coro, teatro, danza, arte<\/p>\n\t\t\t<\/div>\n<\/div>[vc_empty_space]<div class=\"eltdf-iwt clearfix  eltdf-iwt-icon-left eltdf-iwt-icon-tiny\">\n\t<div class=\"eltdf-iwt-icon\">\n\t\t\t\t\t\t\t\t\t    <span class=\"eltdf-icon-shortcode eltdf-normal   eltdf-icon-tiny\"  data-color=\"#f29437\">\n                    <i class=\"eltdf-icon-simple-line-icon icon-bubbles eltdf-icon-element\" style=\"color: #f29437\" ><\/i>            <\/span>\n\t\t\t\t\t\t<\/div>\n\t<div class=\"eltdf-iwt-content\" >\n\t\t\t\t\t<h4 class=\"eltdf-iwt-title\" >\n\t\t\t\t\t\t\t\t<span class=\"eltdf-iwt-title-text\">Idiomas:<\/span>\n\t\t\t\t\t\t\t<\/h4>\n\t\t\t\t\t\t\t<p class=\"eltdf-iwt-text\" >Las clases son impartidas en Ingl\u00e9s, adicionalmente se dan clases de Espa\u00f1ol<\/p>\n\t\t\t<\/div>\n<\/div>[vc_empty_space]<div class=\"eltdf-iwt clearfix  eltdf-iwt-icon-left eltdf-iwt-icon-tiny\">\n\t<div class=\"eltdf-iwt-icon\">\n\t\t\t\t\t\t\t\t\t    <span class=\"eltdf-icon-shortcode eltdf-normal   eltdf-icon-tiny\"  data-color=\"#f29437\">\n                    <span aria-hidden=\"true\" class=\"eltdf-icon-linear-icons lnr lnr-star eltdf-icon-element\" style=\"color: #f29437\" ><\/span>            <\/span>\n\t\t\t\t\t\t<\/div>\n\t<div class=\"eltdf-iwt-content\" >\n\t\t\t\t\t<h4 class=\"eltdf-iwt-title\" >\n\t\t\t\t\t\t\t\t<span class=\"eltdf-iwt-title-text\">Servicios especiales:<\/span>\n\t\t\t\t\t\t\t<\/h4>\n\t\t\t\t\t\t\t<p class=\"eltdf-iwt-text\" >Actividades para padres de familia como salidas de Golf, carreras, programas extracurriculares<\/p>\n\t\t\t<\/div>\n<\/div>[\/vc_tta_section][vc_tta_section i_type=&#8221;linecons&#8221; i_icon_linecons=&#8221;vc_li vc_li-study&#8221; add_icon=&#8221;true&#8221; title=&#8221;Acerca del colegio&#8221; tab_id=&#8221;1583965789671-132a12c3-5c6e&#8221;][vc_column_text css=&#8221;.vc_custom_1588274272651{padding-top: 30px !important;padding-right: 30px !important;padding-bottom: 30px !important;padding-left: 30px !important;}&#8221;]La Academia Everest se enorgullece de ofrecer baloncesto y voleibol para estudiantes de 4\u00ba a 8\u00ba grado. Los estudiantes de la Academia Everest participan en clases de espa\u00f1ol tres veces por semana.<\/p>\n<p>El programa de Bellas Artes en Everest ayuda a los estudiantes a entender el proceso y los elementos involucrados en las expresiones art\u00edsticas y creativas; enriquece la sensibilidad est\u00e9tica y espiritual de los estudiantes, y fomenta la apreciaci\u00f3n de las bellas artes como parte de una formaci\u00f3n equilibrada.<\/p>\n<p>Dado que estas actividades se consideran valiosas para el programa educativo, la Academia del Everest fomenta la participaci\u00f3n como complemento de la vida acad\u00e9mica. Everest Academy tiene un profesor de Educaci\u00f3n F\u00edsica a tiempo completo en el personal dedicado a la salud y el buen estado f\u00edsico de nuestros estudiantes.<\/p>\n<p>Todos los estudiantes desde PreK 3 hasta 8\u00ba grado participan en Educaci\u00f3n F\u00edsica dos veces por semana y se dedican a una variedad de deportes.[\/vc_column_text][\/vc_tta_section][vc_tta_section i_type=&#8221;linecons&#8221; i_icon_linecons=&#8221;vc_li vc_li-paperplane&#8221; add_icon=&#8221;true&#8221; title=&#8221;Como llegar&#8221; tab_id=&#8221;1583967649464-5372fdc5-e76e&#8221;][vc_raw_html css=&#8221;.vc_custom_1588264247371{padding-top: 30px !important;padding-right: 30px !important;padding-bottom: 30px !important;padding-left: 30px !important;}&#8221;]JTNDaWZyYW1lJTIwc3JjJTNEJTIyaHR0cHMlM0ElMkYlMkZ3d3cuZ29vZ2xlLmNvbSUyRm1hcHMlMkZlbWJlZCUzRnBiJTNEJTIxMW0xOCUyMTFtMTIlMjExbTMlMjExZDM2NzMuMDAyMDk2NjQ3MzgzJTIxMmQtNDMuMzAzMDE5OTg0NzYwNTQlMjEzZC0yMi45ODY5NTAzODQ5NzExMTclMjEybTMlMjExZjAlMjEyZjAlMjEzZjAlMjEzbTIlMjExaTEwMjQlMjEyaTc2OCUyMTRmMTMuMSUyMTNtMyUyMTFtMiUyMTFzMHg5YmQ3MzdiZTE3MGRjOSUyNTNBMHgzMWJjYTZlMDA5YzVhY2I4JTIxMnNDb2wlMjVDMyUyNUE5Z2lvJTI1MjBJbnRlcm5hY2lvbmFsJTI1MjBFdmVyZXN0JTIxNWUwJTIxM20yJTIxMXNlbiUyMTJzbXglMjE0djE1ODgyNjI4NzExMzUlMjE1bTIlMjExc2VuJTIxMnNteCUyMiUyMHdpZHRoJTNEJTIyMTAwJTI1JTIyJTIwaGVpZ2h0JTNEJTIyNDUwJTIyJTIwZnJhbWVib3JkZXIlM0QlMjIwJTIyJTIwc3R5bGUlM0QlMjJib3JkZXIlM0EwJTNCJTIyJTIwYWxsb3dmdWxsc2NyZWVuJTNEJTIyJTIyJTIwYXJpYS1oaWRkZW4lM0QlMjJmYWxzZSUyMiUyMHRhYmluZGV4JTNEJTIyMCUyMiUzRSUzQyUyRmlmcmFtZSUzRQ==[\/vc_raw_html][\/vc_tta_section][\/vc_tta_tabs]\t\t<\/div>\n\t<\/div>\n<\/div><\/div>[\/vc_column_inner][vc_column_inner width=&#8221;1\/3&#8243;]<div class=\"eltdf-section-title-holder  \" >\n\t<div class=\"eltdf-st-inner\">\n\t\t\t\t\t\t\t\t\t<h3 class=\"eltdf-st-title\" >\n\t\t\t\tCont\u00e1ctanos\t\t\t<\/h3>\n\t\t\t\t\t<\/div>\n<\/div>[vc_empty_space]\n<div class=\"wpcf7 no-js\" id=\"wpcf7-f2567-o1\" lang=\"en-US\" dir=\"ltr\">\n<div class=\"screen-reader-response\"><p role=\"status\" aria-live=\"polite\" aria-atomic=\"true\"><\/p> <ul><\/ul><\/div>\n<form action=\"\/en\/wp-json\/wp\/v2\/pages\/5215#wpcf7-f2567-o1\" method=\"post\" class=\"wpcf7-form init\" aria-label=\"Contact form\" novalidate=\"novalidate\" data-status=\"init\">\n<div style=\"display: none;\">\n<input type=\"hidden\" name=\"_wpcf7\" value=\"2567\" \/>\n<input type=\"hidden\" name=\"_wpcf7_version\" value=\"5.7.7\" \/>\n<input type=\"hidden\" name=\"_wpcf7_locale\" value=\"en_US\" \/>\n<input type=\"hidden\" name=\"_wpcf7_unit_tag\" value=\"wpcf7-f2567-o1\" \/>\n<input type=\"hidden\" name=\"_wpcf7_container_post\" value=\"0\" \/>\n<input type=\"hidden\" name=\"_wpcf7_posted_data_hash\" value=\"\" \/>\n<\/div>\n<div style=\"margin-top: 30px;\">\n\t<div class=\"eltdf-cf7-newsletter eltdf-grid-row eltdf-grid-big-gutter\";>\n\t\t<div class=\"eltdf-grid-col-6 \">\n\t\t\t<p><span class=\"wpcf7-form-control-wrap\" data-name=\"your-name\"><input size=\"40\" class=\"wpcf7-form-control wpcf7-text wpcf7-validates-as-required\" aria-required=\"true\" aria-invalid=\"false\" placeholder=\"Name\" value=\"\" type=\"text\" name=\"your-name\" \/><\/span>\n\t\t\t<\/p>\n\t\t<\/div>\n\t\t<div class=\"eltdf-grid-col-6 \">\n\t\t\t<p><span class=\"wpcf7-form-control-wrap\" data-name=\"your-email\"><input size=\"40\" class=\"wpcf7-form-control wpcf7-text wpcf7-email wpcf7-validates-as-required wpcf7-validates-as-email\" aria-required=\"true\" aria-invalid=\"false\" placeholder=\"Email\" value=\"\" type=\"email\" name=\"your-email\" \/><\/span>\n\t\t\t<\/p>\n\t\t<\/div>\n\t<\/div>\n\t<p><span class=\"wpcf7-form-control-wrap\" data-name=\"your-website\"><input size=\"40\" class=\"wpcf7-form-control wpcf7-text wpcf7-validates-as-required\" aria-required=\"true\" aria-invalid=\"false\" placeholder=\"Subject\" value=\"\" type=\"text\" name=\"your-website\" \/><\/span><br \/>\n<span class=\"wpcf7-form-control-wrap\" data-name=\"message\"><textarea cols=\"20\" rows=\"4\" class=\"wpcf7-form-control wpcf7-textarea wpcf7-validates-as-required\" aria-required=\"true\" aria-invalid=\"false\" placeholder=\"Message\" name=\"message\"><\/textarea><\/span>\n\t<\/p>\n\t<div class=\"eltdf-contact-form-animation\" style=\"display: block; margin-top: 60px; text-align: center;\">\n\t\t<p><input class=\"wpcf7-form-control has-spinner wpcf7-submit\" type=\"submit\" value=\"Submit\" \/>\n\t\t<\/p>\n\t<\/div>\n<\/div><p style=\"display: none !important;\" class=\"akismet-fields-container\" data-prefix=\"_wpcf7_ak_\"><label>&#916;<textarea name=\"_wpcf7_ak_hp_textarea\" cols=\"45\" rows=\"8\" maxlength=\"100\"><\/textarea><\/label><input type=\"hidden\" id=\"ak_js_1\" name=\"_wpcf7_ak_js\" value=\"120\"\/><script>document.getElementById( \"ak_js_1\" ).setAttribute( \"value\", ( new Date() ).getTime() );<\/script><\/p><div class=\"wpcf7-response-output\" aria-hidden=\"true\"><\/div>\n<\/form>\n<\/div>\n[\/vc_column_inner][\/vc_row_inner][\/vc_column][\/vc_row][vc_row][vc_column][vc_empty_space height=&#8221;70px&#8221;][vc_row_inner][vc_column_inner width=&#8221;1\/3&#8243;]<div class=\"eltdf-section-title-holder  \" >\n\t<div class=\"eltdf-st-inner\">\n\t\t\t\t\t\t\t\t\t<h3 class=\"eltdf-st-title\" >\n\t\t\t\tConoce Nuestro Colegio\t\t\t<\/h3>\n\t\t\t\t\t<\/div>\n<\/div>[\/vc_column_inner][vc_column_inner width=&#8221;1\/3&#8243;][\/vc_column_inner][vc_column_inner width=&#8221;1\/3&#8243;][vc_column_text]<a style=\"color: #3b3b3b;\" href=\"https:\/\/www.facebook.com\/EverestLemont\/\" target=\"_blank\" rel=\"noopener noreferrer\"><img decoding=\"async\" loading=\"lazy\" class=\"alignright wp-image-4976\" src=\"http:\/\/www.redcolegiosrc.com\/wordpress\/wp-content\/uploads\/2020\/03\/facebook-logo-300x300.png\" alt=\"\" width=\"30\" height=\"30\" srcset=\"https:\/\/www.redcolegiosrc.com\/en\/wp-content\/uploads\/2020\/03\/facebook-logo-300x300.png 300w, https:\/\/www.redcolegiosrc.com\/en\/wp-content\/uploads\/2020\/03\/facebook-logo-150x150.png 150w, https:\/\/www.redcolegiosrc.com\/en\/wp-content\/uploads\/2020\/03\/facebook-logo-100x100.png 100w, https:\/\/www.redcolegiosrc.com\/en\/wp-content\/uploads\/2020\/03\/facebook-logo.png 512w\" sizes=\"(max-width: 30px) 100vw, 30px\" \/><\/a><a href=\"https:\/\/www.youtube.com\/channel\/UCopVRAjoXdGoIj3f6qfMpqA\" target=\"_blank\" rel=\"noopener noreferrer\"><img decoding=\"async\" loading=\"lazy\" class=\"alignright wp-image-4980\" src=\"http:\/\/www.redcolegiosrc.com\/wordpress\/wp-content\/uploads\/2020\/03\/youtube-symbol-300x300.png\" alt=\"\" width=\"30\" height=\"30\" srcset=\"https:\/\/www.redcolegiosrc.com\/en\/wp-content\/uploads\/2020\/03\/youtube-symbol-300x300.png 300w, https:\/\/www.redcolegiosrc.com\/en\/wp-content\/uploads\/2020\/03\/youtube-symbol-150x150.png 150w, https:\/\/www.redcolegiosrc.com\/en\/wp-content\/uploads\/2020\/03\/youtube-symbol-100x100.png 100w, https:\/\/www.redcolegiosrc.com\/en\/wp-content\/uploads\/2020\/03\/youtube-symbol.png 512w\" sizes=\"(max-width: 30px) 100vw, 30px\" \/><\/a><a href=\"https:\/\/www.instagram.com\/everestlemont\/\" target=\"_blank\" rel=\"noopener noreferrer\"><img decoding=\"async\" loading=\"lazy\" class=\"alignright wp-image-4977\" src=\"http:\/\/www.redcolegiosrc.com\/wordpress\/wp-content\/uploads\/2020\/03\/instagram-logo-300x300.png\" alt=\"\" width=\"30\" height=\"30\" srcset=\"https:\/\/www.redcolegiosrc.com\/en\/wp-content\/uploads\/2020\/03\/instagram-logo-300x300.png 300w, https:\/\/www.redcolegiosrc.com\/en\/wp-content\/uploads\/2020\/03\/instagram-logo-150x150.png 150w, https:\/\/www.redcolegiosrc.com\/en\/wp-content\/uploads\/2020\/03\/instagram-logo-100x100.png 100w, https:\/\/www.redcolegiosrc.com\/en\/wp-content\/uploads\/2020\/03\/instagram-logo.png 512w\" sizes=\"(max-width: 30px) 100vw, 30px\" \/><\/a><\/p>\n<p>S\u00edguenos en nuestras redes sociales:[\/vc_column_text][\/vc_column_inner][\/vc_row_inner][vc_empty_space height=&#8221;50px&#8221;][vc_row_inner][vc_column_inner width=&#8221;1\/2&#8243;][vc_video link=&#8221;https:\/\/youtu.be\/-w1BHKXt6M4&#8243;][\/vc_column_inner][vc_column_inner width=&#8221;1\/2&#8243;][vc_gallery type=&#8221;image_grid&#8221; images=&#8221;5224,5221,5222,5223&#8243;][\/vc_column_inner][\/vc_row_inner][vc_empty_space height=&#8221;100px&#8221;][\/vc_column][\/vc_row]<\/p>\n","protected":false},"excerpt":{"rendered":"<p>[vc_row][vc_column][vc_column_text] https:\/\/everestadvantage.org [\/vc_column_text][vc_empty_space][vc_row_inner gap=&#8221;30&#8243;][vc_column_inner width=&#8221;1\/3&#8243;][vc_single_image image=&#8221;5218&#8243; img_size=&#8221;full&#8221; onclick=&#8221;custom_link&#8221; img_link_target=&#8221;_blank&#8221; link=&#8221;https:\/\/everestadvantage.org\/&#8221;][\/vc_column_inner][vc_column_inner width=&#8221;1\/3&#8243;][\/vc_column_inner][vc_column_inner width=&#8221;1\/3&#8243;][\/vc_column_inner][\/vc_row_inner][vc_empty_space height=&#8221;50px&#8221;][\/vc_column][\/vc_row][vc_row][vc_column][vc_images_carousel images=&#8221;5219,5220&#8243; img_size=&#8221;full&#8221; autoplay=&#8221;yes&#8221; wrap=&#8221;yes&#8221;][vc_empty_space height=&#8221;70px&#8221;][\/vc_column][\/vc_row][vc_row][vc_column][vc_row_inner][vc_column_inner width=&#8221;2\/3&#8243;][\/vc_column_inner][vc_column_inner width=&#8221;1\/3&#8243;][vc_empty_space][\/vc_column_inner][\/vc_row_inner][\/vc_column][\/vc_row][vc_row][vc_column][vc_empty_space height=&#8221;70px&#8221;][vc_row_inner][vc_column_inner width=&#8221;1\/3&#8243;][\/vc_column_inner][vc_column_inner width=&#8221;1\/3&#8243;][\/vc_column_inner][vc_column_inner width=&#8221;1\/3&#8243;][vc_column_text] S\u00edguenos en nuestras redes sociales:[\/vc_column_text][\/vc_column_inner][\/vc_row_inner][vc_empty_space height=&#8221;50px&#8221;][vc_row_inner][vc_column_inner width=&#8221;1\/2&#8243;][vc_video link=&#8221;https:\/\/youtu.be\/-w1BHKXt6M4&#8243;][\/vc_column_inner][vc_column_inner width=&#8221;1\/2&#8243;][vc_gallery type=&#8221;image_grid&#8221; images=&#8221;5224,5221,5222,5223&#8243;][\/vc_column_inner][\/vc_row_inner][vc_empty_space height=&#8221;100px&#8221;][\/vc_column][\/vc_row]<\/p>\n","protected":false},"author":1,"featured_media":0,"parent":4939,"menu_order":0,"comment_status":"closed","ping_status":"closed","template":"","meta":[],"yoast_head":"<!-- This site is optimized with the Yoast SEO plugin v20.10 - https:\/\/yoast.com\/wordpress\/plugins\/seo\/ -->\n<title>Everest Academy - Lemont - RC School Network<\/title>\n<meta name=\"description\" content=\"Everest Academy is proud to offer basketball and volleyball for students in grades 4-8. Everest Academy students participate in Spanish classes three times a week.\" \/>\n<meta name=\"robots\" content=\"index, follow, max-snippet:-1, max-image-preview:large, max-video-preview:-1\" \/>\n<link rel=\"canonical\" href=\"https:\/\/www.redcolegiosrc.com\/en\/our-schools\/everest-academy-lemont\/\" \/>\n<meta name=\"twitter:card\" content=\"summary_large_image\" \/>\n<meta name=\"twitter:title\" content=\"Everest Academy - Lemont - RC School Network\" \/>\n<meta name=\"twitter:description\" content=\"Everest Academy is proud to offer basketball and volleyball for students in grades 4-8. Everest Academy students participate in Spanish classes three times a week.\" \/>\n<meta name=\"twitter:image\" content=\"http:\/\/www.redcolegiosrc.com\/wordpress\/wp-content\/uploads\/2020\/03\/facebook-logo-300x300.png\" \/>\n<meta name=\"twitter:label1\" content=\"Est. reading time\" \/>\n\t<meta name=\"twitter:data1\" content=\"3 minutes\" \/>\n<script type=\"application\/ld+json\" class=\"yoast-schema-graph\">{\"@context\":\"https:\/\/schema.org\",\"@graph\":[{\"@type\":\"WebPage\",\"@id\":\"https:\/\/www.redcolegiosrc.com\/en\/our-schools\/everest-academy-lemont\/\",\"url\":\"https:\/\/www.redcolegiosrc.com\/en\/our-schools\/everest-academy-lemont\/\",\"name\":\"Everest Academy - Lemont - RC School Network\",\"isPartOf\":{\"@id\":\"https:\/\/www.redcolegiosrc.com\/en\/#website\"},\"datePublished\":\"2020-04-30T19:00:47+00:00\",\"dateModified\":\"2024-04-30T22:25:36+00:00\",\"description\":\"Everest Academy is proud to offer basketball and volleyball for students in grades 4-8. Everest Academy students participate in Spanish classes three times a week.\",\"breadcrumb\":{\"@id\":\"https:\/\/www.redcolegiosrc.com\/en\/our-schools\/everest-academy-lemont\/#breadcrumb\"},\"inLanguage\":\"en-US\",\"potentialAction\":[{\"@type\":\"ReadAction\",\"target\":[\"https:\/\/www.redcolegiosrc.com\/en\/our-schools\/everest-academy-lemont\/\"]}]},{\"@type\":\"BreadcrumbList\",\"@id\":\"https:\/\/www.redcolegiosrc.com\/en\/our-schools\/everest-academy-lemont\/#breadcrumb\",\"itemListElement\":[{\"@type\":\"ListItem\",\"position\":1,\"name\":\"Home\",\"item\":\"https:\/\/www.redcolegiosrc.com\/en\/\"},{\"@type\":\"ListItem\",\"position\":2,\"name\":\"Our schools\",\"item\":\"https:\/\/www.redcolegiosrc.com\/en\/our-schools\/\"},{\"@type\":\"ListItem\",\"position\":3,\"name\":\"Everest Academy &#8211; Lemont\"}]},{\"@type\":\"WebSite\",\"@id\":\"https:\/\/www.redcolegiosrc.com\/en\/#website\",\"url\":\"https:\/\/www.redcolegiosrc.com\/en\/\",\"name\":\"RC School Network\",\"description\":\"Welcome\",\"publisher\":{\"@id\":\"https:\/\/www.redcolegiosrc.com\/en\/#organization\"},\"potentialAction\":[{\"@type\":\"SearchAction\",\"target\":{\"@type\":\"EntryPoint\",\"urlTemplate\":\"https:\/\/www.redcolegiosrc.com\/en\/?s={search_term_string}\"},\"query-input\":\"required name=search_term_string\"}],\"inLanguage\":\"en-US\"},{\"@type\":\"Organization\",\"@id\":\"https:\/\/www.redcolegiosrc.com\/en\/#organization\",\"name\":\"RC School Network\",\"url\":\"https:\/\/www.redcolegiosrc.com\/en\/\",\"logo\":{\"@type\":\"ImageObject\",\"inLanguage\":\"en-US\",\"@id\":\"https:\/\/www.redcolegiosrc.com\/en\/#\/schema\/logo\/image\/\",\"url\":\"https:\/\/www.redcolegiosrc.com\/en\/wp-content\/uploads\/2023\/06\/LOGORC.png\",\"contentUrl\":\"https:\/\/www.redcolegiosrc.com\/en\/wp-content\/uploads\/2023\/06\/LOGORC.png\",\"width\":288,\"height\":63,\"caption\":\"RC School Network\"},\"image\":{\"@id\":\"https:\/\/www.redcolegiosrc.com\/en\/#\/schema\/logo\/image\/\"},\"sameAs\":[\"https:\/\/www.facebook.com\/colegiosrc\/\",\"https:\/\/www.instagram.com\/colegiosrc\/\"]}]}<\/script>\n<!-- \/ Yoast SEO plugin. -->","yoast_head_json":{"title":"Everest Academy - Lemont - RC School Network","description":"Everest Academy is proud to offer basketball and volleyball for students in grades 4-8. Everest Academy students participate in Spanish classes three times a week.","robots":{"index":"index","follow":"follow","max-snippet":"max-snippet:-1","max-image-preview":"max-image-preview:large","max-video-preview":"max-video-preview:-1"},"canonical":"https:\/\/www.redcolegiosrc.com\/en\/our-schools\/everest-academy-lemont\/","twitter_card":"summary_large_image","twitter_title":"Everest Academy - Lemont - RC School Network","twitter_description":"Everest Academy is proud to offer basketball and volleyball for students in grades 4-8. Everest Academy students participate in Spanish classes three times a week.","twitter_image":"http:\/\/www.redcolegiosrc.com\/wordpress\/wp-content\/uploads\/2020\/03\/facebook-logo-300x300.png","twitter_misc":{"Est. reading time":"3 minutes"},"schema":{"@context":"https:\/\/schema.org","@graph":[{"@type":"WebPage","@id":"https:\/\/www.redcolegiosrc.com\/en\/our-schools\/everest-academy-lemont\/","url":"https:\/\/www.redcolegiosrc.com\/en\/our-schools\/everest-academy-lemont\/","name":"Everest Academy - Lemont - RC School Network","isPartOf":{"@id":"https:\/\/www.redcolegiosrc.com\/en\/#website"},"datePublished":"2020-04-30T19:00:47+00:00","dateModified":"2024-04-30T22:25:36+00:00","description":"Everest Academy is proud to offer basketball and volleyball for students in grades 4-8. Everest Academy students participate in Spanish classes three times a week.","breadcrumb":{"@id":"https:\/\/www.redcolegiosrc.com\/en\/our-schools\/everest-academy-lemont\/#breadcrumb"},"inLanguage":"en-US","potentialAction":[{"@type":"ReadAction","target":["https:\/\/www.redcolegiosrc.com\/en\/our-schools\/everest-academy-lemont\/"]}]},{"@type":"BreadcrumbList","@id":"https:\/\/www.redcolegiosrc.com\/en\/our-schools\/everest-academy-lemont\/#breadcrumb","itemListElement":[{"@type":"ListItem","position":1,"name":"Home","item":"https:\/\/www.redcolegiosrc.com\/en\/"},{"@type":"ListItem","position":2,"name":"Our schools","item":"https:\/\/www.redcolegiosrc.com\/en\/our-schools\/"},{"@type":"ListItem","position":3,"name":"Everest Academy &#8211; Lemont"}]},{"@type":"WebSite","@id":"https:\/\/www.redcolegiosrc.com\/en\/#website","url":"https:\/\/www.redcolegiosrc.com\/en\/","name":"RC School Network","description":"Welcome","publisher":{"@id":"https:\/\/www.redcolegiosrc.com\/en\/#organization"},"potentialAction":[{"@type":"SearchAction","target":{"@type":"EntryPoint","urlTemplate":"https:\/\/www.redcolegiosrc.com\/en\/?s={search_term_string}"},"query-input":"required name=search_term_string"}],"inLanguage":"en-US"},{"@type":"Organization","@id":"https:\/\/www.redcolegiosrc.com\/en\/#organization","name":"RC School Network","url":"https:\/\/www.redcolegiosrc.com\/en\/","logo":{"@type":"ImageObject","inLanguage":"en-US","@id":"https:\/\/www.redcolegiosrc.com\/en\/#\/schema\/logo\/image\/","url":"https:\/\/www.redcolegiosrc.com\/en\/wp-content\/uploads\/2023\/06\/LOGORC.png","contentUrl":"https:\/\/www.redcolegiosrc.com\/en\/wp-content\/uploads\/2023\/06\/LOGORC.png","width":288,"height":63,"caption":"RC School Network"},"image":{"@id":"https:\/\/www.redcolegiosrc.com\/en\/#\/schema\/logo\/image\/"},"sameAs":["https:\/\/www.facebook.com\/colegiosrc\/","https:\/\/www.instagram.com\/colegiosrc\/"]}]}},"_links":{"self":[{"href":"https:\/\/www.redcolegiosrc.com\/en\/wp-json\/wp\/v2\/pages\/5215"}],"collection":[{"href":"https:\/\/www.redcolegiosrc.com\/en\/wp-json\/wp\/v2\/pages"}],"about":[{"href":"https:\/\/www.redcolegiosrc.com\/en\/wp-json\/wp\/v2\/types\/page"}],"author":[{"embeddable":true,"href":"https:\/\/www.redcolegiosrc.com\/en\/wp-json\/wp\/v2\/users\/1"}],"replies":[{"embeddable":true,"href":"https:\/\/www.redcolegiosrc.com\/en\/wp-json\/wp\/v2\/comments?post=5215"}],"version-history":[{"count":3,"href":"https:\/\/www.redcolegiosrc.com\/en\/wp-json\/wp\/v2\/pages\/5215\/revisions"}],"predecessor-version":[{"id":5947,"href":"https:\/\/www.redcolegiosrc.com\/en\/wp-json\/wp\/v2\/pages\/5215\/revisions\/5947"}],"up":[{"embeddable":true,"href":"https:\/\/www.redcolegiosrc.com\/en\/wp-json\/wp\/v2\/pages\/4939"}],"wp:attachment":[{"href":"https:\/\/www.redcolegiosrc.com\/en\/wp-json\/wp\/v2\/media?parent=5215"}],"curies":[{"name":"wp","href":"https:\/\/api.w.org\/{rel}","templated":true}]}}